{"id":1470,"date":"2016-12-23T10:43:46","date_gmt":"2016-12-23T08:43:46","guid":{"rendered":"https:\/\/satgurutravel.panelserver.org\/contact\/"},"modified":"2024-08-30T11:59:26","modified_gmt":"2024-08-30T09:59:26","slug":"contacto","status":"publish","type":"page","link":"https:\/\/satgurutravel.es\/es\/contacto\/","title":{"rendered":"Contacto"},"content":{"rendered":"<div class=\"wpb-content-wrapper\"><p>[vc_row full_width=\u00bbstretch_row_content_no_spaces\u00bb content_placement=\u00bbmiddle\u00bb parallax=\u00bbcontent-moving\u00bb parallax_image=\u00bb1610&#8243; css=\u00bb.vc_custom_1724970931199{margin-top: 0px !important;margin-bottom: 5rem !important;border-top-width: 0px !important;padding-top: 80px !important;padding-bottom: 80px !important;}\u00bb][vc_column]<div id=\"sc_title_23480884\"\n\t\tclass=\"sc_title sc_title_default\"><h6 class=\"sc_item_subtitle sc_title_subtitle sc_align_center sc_item_title_style_inverse\">Satguru Travel<\/h6><h2 class=\"sc_item_title sc_title_title sc_align_center sc_item_title_style_inverse sc_item_title_tag\">CONTACTO<\/h2><\/div><!-- \/.sc_title -->[\/vc_column][\/vc_row][vc_row css=\u00bb.vc_custom_1725010964605{padding-top: 3rem !important;padding-bottom: 7.8rem !important;}\u00bb][vc_column width=\u00bb1\/2&#8243;][vc_empty_space hide_on_mobile=\u00bb\u00bb]<div id=\"sc_title_420056183\"\n\t\tclass=\"sc_title sc_title_default\"><h6 class=\"sc_item_subtitle sc_title_subtitle sc_align_center sc_item_title_style_default\">SATGURU TRAVEL SPAIN<\/h6><h4 class=\"sc_item_title sc_title_title sc_align_center sc_item_title_style_default sc_item_title_tag\">Informaci\u00f3n de contacto<\/h4><\/div><!-- \/.sc_title -->[vc_empty_space alter_height=\u00bbsmall\u00bb hide_on_mobile=\u00bb\u00bb]<div id=\"sc_icons_1766299296\" \n\tclass=\"sc_icons sc_icons_modern sc_icons_size_small sc_align_center\"><div class=\"sc_icons_item sc_icons_item_linked\"><div id=\"sc_icons_1766299296_icon-location-light\" class=\"sc_icons_icon sc_icon_type_svg\"\n\t\t\t\t\t\t style=\"color: #dd9933\"\t\t\t\t\t\t><svg version=\"1.1\" id=\"Layer_1\" xmlns=\"http:\/\/www.w3.org\/2000\/svg\" xmlns:xlink=\"http:\/\/www.w3.org\/1999\/xlink\" x=\"0px\" y=\"0px\"\n\t width=\"24px\" height=\"24px\" viewBox=\"0 0 24 24\" enable-background=\"new 0 0 24 24\" xml:space=\"preserve\">\n<path d=\"M12,0.938c-3.87,0-7.375,3.137-7.375,7.008\n\tc0,3.87,3.198,8.491,7.375,15.117c4.178-6.626,7.375-11.247,7.375-15.117C19.375,4.075,15.871,0.938,12,0.938z M12,11.078\n\tc-1.528,0-2.766-1.238-2.766-2.766S10.472,5.547,12,5.547c1.527,0,2.766,1.238,2.766,2.766S13.527,11.078,12,11.078z\"\/>\n<\/svg><\/div><div class=\"sc_icons_item_description\"><span>C\/Granvia, 69, 28013, Madrid<\/span><\/div><a href=\"https:\/\/maps.app.goo.gl\/Uodni8FjzBvnaQHC9\" class=\"sc_icons_item_link\"><\/a><\/div><\/div><!-- \/.sc_icons -->[vc_empty_space alter_height=\u00bbsmall\u00bb hide_on_mobile=\u00bb\u00bb]<div id=\"sc_icons_1431412081\" \n\tclass=\"sc_icons sc_icons_modern sc_icons_size_small sc_align_center\"><div class=\"sc_icons_item sc_icons_item_linked\"><div id=\"sc_icons_1431412081_fas fa-mobile-alt\" class=\"sc_icons_icon sc_icon_type_fontawesome fas fa-mobile-alt\"\n\t\t\t\t\t\t style=\"color: #dd9933\"\t\t\t\t\t\t><span class=\"sc_icon_type_fontawesome fas fa-mobile-alt\" style=\"color: #dd9933\"><\/span><\/div><div class=\"sc_icons_item_description\"><span>+34 651 10 57 71<\/span><\/div><a href=\"tel:+34651105771\" class=\"sc_icons_item_link\"><\/a><\/div><\/div><!-- \/.sc_icons -->[vc_empty_space alter_height=\u00bbsmall\u00bb hide_on_mobile=\u00bb\u00bb]<div id=\"sc_icons_1571493121\" \n\tclass=\"sc_icons sc_icons_modern sc_icons_size_small sc_align_center\"><div class=\"sc_icons_item sc_icons_item_linked\"><div id=\"sc_icons_1571493121_far fa-envelope\" class=\"sc_icons_icon sc_icon_type_fontawesome far fa-envelope\"\n\t\t\t\t\t\t style=\"color: #dd9933\"\t\t\t\t\t\t><span class=\"sc_icon_type_fontawesome far fa-envelope\" style=\"color: #dd9933\"><\/span><\/div><div class=\"sc_icons_item_description\"><span>info.mad@satgurutravel.es<\/span><\/div><a href=\"mailto:info.mad@satgurutravel.es\" class=\"sc_icons_item_link\"><\/a><\/div><\/div><!-- \/.sc_icons -->[vc_empty_space alter_height=\u00bbsmall\u00bb hide_on_mobile=\u00bb\u00bb][\/vc_column][vc_column width=\u00bb1\/2&#8243;]<div id=\"sc_title_572912252\"\n\t\tclass=\"sc_title sc_title_default\"><h6 class=\"sc_item_subtitle sc_title_subtitle sc_align_center sc_item_title_style_default\">\u00bfTienes alguna duda?<\/h6><h3 class=\"sc_item_title sc_title_title sc_align_center sc_item_title_style_default sc_item_title_tag\">Contacta con nosotros<\/h3><\/div><!-- \/.sc_title -->[vc_empty_space height=\u00bb3.2em\u00bb alter_height=\u00bbnone\u00bb hide_on_mobile=\u00bb\u00bb]\n<div class=\"wpcf7 no-js\" id=\"wpcf7-f1538-o1\" lang=\"en-US\" dir=\"ltr\">\n<div class=\"screen-reader-response\"><p role=\"status\" aria-live=\"polite\" aria-atomic=\"true\"><\/p> <ul><\/ul><\/div>\n<form action=\"\/es\/wp-json\/wp\/v2\/pages\/1470#wpcf7-f1538-o1\" method=\"post\" class=\"wpcf7-form init\" aria-label=\"Contact form\" novalidate=\"novalidate\" data-status=\"init\">\n<div style=\"display: none;\">\n<input type=\"hidden\" name=\"_wpcf7\" value=\"1538\" \/>\n<input type=\"hidden\" name=\"_wpcf7_version\" value=\"5.9.8\" \/>\n<input type=\"hidden\" name=\"_wpcf7_locale\" value=\"en_US\" \/>\n<input type=\"hidden\" name=\"_wpcf7_unit_tag\" value=\"wpcf7-f1538-o1\" \/>\n<input type=\"hidden\" name=\"_wpcf7_container_post\" value=\"0\" \/>\n<input type=\"hidden\" name=\"_wpcf7_posted_data_hash\" value=\"\" \/>\n<input type=\"hidden\" name=\"_wpcf7_recaptcha_response\" value=\"\" \/>\n<\/div>\n<div class=\"cf7_form_1_container\">\n\t<div class=\"columns_wrap\">\n\t\t<div class=\"column-1_2\">\n\t\t\t<p><span class=\"wpcf7-form-control-wrap\" data-name=\"your-name\"><input size=\"40\" maxlength=\"400\" class=\"wpcf7-form-control wpcf7-text wpcf7-validates-as-required\" aria-required=\"true\" aria-invalid=\"false\" placeholder=\"Tu nombre\" value=\"\" type=\"text\" name=\"your-name\" \/><\/span>\n\t\t\t<\/p>\n\t\t<\/div>\n\t\t<div class=\"column-1_2\">\n\t\t\t<p><span class=\"wpcf7-form-control-wrap\" data-name=\"your-company\"><input size=\"40\" maxlength=\"400\" class=\"wpcf7-form-control wpcf7-text\" aria-invalid=\"false\" placeholder=\"Empresa\" value=\"\" type=\"text\" name=\"your-company\" \/><\/span>\n\t\t\t<\/p>\n\t\t<\/div>\n\t<\/div>\n\t<div class=\"columns_wrap\">\n\t\t<div class=\"column-1_2\">\n\t\t\t<p><span class=\"wpcf7-form-control-wrap\" data-name=\"your-tel\"><input size=\"40\" maxlength=\"400\" class=\"wpcf7-form-control wpcf7-text wpcf7-validates-as-required\" aria-required=\"true\" aria-invalid=\"false\" placeholder=\"Tel\u00e9fono\" value=\"\" type=\"text\" name=\"your-tel\" \/><\/span>\n\t\t\t<\/p>\n\t\t<\/div>\n\t\t<div class=\"column-1_2\">\n\t\t\t<p><span class=\"wpcf7-form-control-wrap\" data-name=\"your-email\"><input size=\"40\" maxlength=\"400\" class=\"wpcf7-form-control wpcf7-email wpcf7-validates-as-required wpcf7-text wpcf7-validates-as-email\" aria-required=\"true\" aria-invalid=\"false\" placeholder=\"E-mail\" value=\"\" type=\"email\" name=\"your-email\" \/><\/span>\n\t\t\t<\/p>\n\t\t<\/div>\n\t<\/div>\n\t<div class=\"columns_wrap\">\n\t\t<div class=\"column-1_1\">\n\t\t\t<p><span class=\"wpcf7-form-control-wrap\" data-name=\"textarea-message\"><textarea cols=\"40\" rows=\"10\" maxlength=\"2000\" class=\"wpcf7-form-control wpcf7-textarea wpcf7-validates-as-required\" aria-required=\"true\" aria-invalid=\"false\" placeholder=\"Mensaje\" name=\"textarea-message\"><\/textarea><\/span>\n\t\t\t<\/p>\n\t\t<\/div>\n\t<\/div>\n\t<div class=\"columns_wrap\">\n\t\t<p><br clear=\"all\" \/>\n\t\t<\/p>\n\t\t<div class=\"column-1_1\">\n\t\t\t<p>En cumplimiento del Reglamento (UE) 2016\/679 del Parlamento Europeo y del Consejo de 27 de abril de 2016 relativo a la protecci\u00f3n de datos de las personas f\u00edsicas y a la libre circulaci\u00f3n de estos datos y por el que se deroga la Directiva 95\/46\/CE (Reglamento general de protecci\u00f3n de datos), le informamos que los datos recogidos a trav\u00e9s de este sitio o formulario web son confidenciales y ser\u00e1n incluidos en el fichero denominado usuarios web con titularidad de Satguru Travels & Tours S.L, con la exclusiva finalidad de poder atender su petici\u00f3n para lo que presta su expreso consentimiento.\n\t\t\t<\/p>\n\t\t<\/div>\n\t\t<p><br clear=\"all\" \/>\n\t\t<\/p>\n\t<\/div>\n\t<div class=\"columns_wrap\">\n\t\t<div class=\"column-1_1\">\n\t\t\t<p><span class=\"wpcf7-form-control-wrap\" data-name=\"commercial-communications\"><span class=\"wpcf7-form-control wpcf7-checkbox\"><span class=\"wpcf7-list-item first last\"><label><input type=\"checkbox\" name=\"commercial-communications[]\" value=\"Deseo recibir comunicaciones comerciales.\" \/><span class=\"wpcf7-list-item-label\">Deseo recibir comunicaciones comerciales.<\/span><\/label><\/span><\/span><\/span>\n\t\t\t<\/p>\n\t\t<\/div>\n\t<\/div>\n\t<div class=\"columns_wrap\">\n\t\t<div class=\"column-1_1\">\n\t\t\t<p><span class=\"wpcf7-form-control-wrap\" data-name=\"RGPD\"><span class=\"wpcf7-form-control wpcf7-acceptance\"><span class=\"wpcf7-list-item\"><label><input type=\"checkbox\" name=\"RGPD\" value=\"1\" aria-invalid=\"false\" \/><span class=\"wpcf7-list-item-label\">He le\u00eddo y acepto la <a href=\"\/es\/politica-de-privacidad\" target=\"_blank\">pol\u00edtica de privacidad.<\/a><\/span><\/label><\/span><\/span><\/span>\n\t\t\t<\/p>\n\t\t<\/div>\n\t<\/div>\n\t<div class=\"columns_wrap\">\n\t\t<div class=\"column-1_1 cf7_right\">\n\t\t\t<p><input class=\"wpcf7-form-control wpcf7-submit has-spinner\" type=\"submit\" value=\"Enviar mensaje\" \/>\n\t\t\t<\/p>\n\t\t<\/div>\n\t<\/div>\n<\/div><div class=\"wpcf7-response-output\" aria-hidden=\"true\"><\/div>\n<\/form>\n<\/div>\n[\/vc_column][\/vc_row][vc_row full_width=\u00bbstretch_row_content_no_spaces\u00bb css=\u00bb.vc_custom_1725010843567{margin-top: 5rem !important;margin-bottom: 0px !important;border-bottom-width: 0px !important;padding-bottom: 0px !important;}\u00bb][vc_column][vc_column_text css=\u00bb\u00bb]<iframe loading=\"lazy\" style=\"border: 0;\" src=\"https:\/\/www.google.com\/maps\/embed?pb=!1m14!1m8!1m3!1d1555133.5386932474!2d-3.710434!3d40.422801!3m2!1i1024!2i768!4f13.1!3m3!1m2!1s0xd422864d513805b%3A0xc17aa5d8fd5763b7!2zR3JhbiBWw61hLCA2OSwgQ2VudHJvLCAyODAxMyBNYWRyaWQsIEVzcGHDsWE!5e0!3m2!1ses!2sus!4v1725010728312!5m2!1ses!2sus\" width=\"100%\" height=\"450\" allowfullscreen=\"allowfullscreen\"><\/iframe>[\/vc_column_text][\/vc_column][\/vc_row]<\/p>\n<\/div>","protected":false},"excerpt":{"rendered":"<p>[vc_row full_width=\u00bbstretch_row_content_no_spaces\u00bb content_placement=\u00bbmiddle\u00bb parallax=\u00bbcontent-moving\u00bb parallax_image=\u00bb1610&#8243; css=\u00bb.vc_custom_1724970931199{margin-top: 0px !important;margin-bottom: 5rem !important;border-top-width: 0px !important;padding-top: 80px !important;padding-bottom: 80px !important;}\u00bb][vc_column][\/vc_column][\/vc_row][vc_row css=\u00bb.vc_custom_1725010964605{padding-top: 3rem !important;padding-bottom: 7.8rem !important;}\u00bb][vc_column width=\u00bb1\/2&#8243;][vc_empty_space hide_on_mobile=\u00bb\u00bb][vc_empty_space alter_height=\u00bbsmall\u00bb hide_on_mobile=\u00bb\u00bb][vc_empty_space alter_height=\u00bbsmall\u00bb hide_on_mobile=\u00bb\u00bb][vc_empty_space alter_height=\u00bbsmall\u00bb hide_on_mobile=\u00bb\u00bb][vc_empty_space alter_height=\u00bbsmall\u00bb&hellip;<\/p>\n","protected":false},"author":1,"featured_media":0,"parent":0,"menu_order":700,"comment_status":"closed","ping_status":"closed","template":"","meta":{"footnotes":""},"class_list":["post-1470","page","type-page","status-publish","hentry"],"yoast_head":"<!-- This site is optimized with the Yoast SEO plugin v23.3 - https:\/\/yoast.com\/wordpress\/plugins\/seo\/ -->\n<title>Contacto - Satguru Travel Spain<\/title>\n<meta name=\"robots\" content=\"index, follow, max-snippet:-1, max-image-preview:large, max-video-preview:-1\" \/>\n<link rel=\"canonical\" href=\"https:\/\/satgurutravel.es\/es\/contacto\/\" \/>\n<meta property=\"og:locale\" content=\"es_ES\" \/>\n<meta property=\"og:type\" content=\"article\" \/>\n<meta property=\"og:title\" content=\"Contacto - Satguru Travel Spain\" \/>\n<meta property=\"og:description\" content=\"[vc_row full_width=\u00bbstretch_row_content_no_spaces\u00bb content_placement=\u00bbmiddle\u00bb parallax=\u00bbcontent-moving\u00bb parallax_image=\u00bb1610&#8243; css=\u00bb.vc_custom_1724970931199{margin-top: 0px !important;margin-bottom: 5rem !important;border-top-width: 0px !important;padding-top: 80px !important;padding-bottom: 80px !important;}\u00bb][vc_column][\/vc_column][\/vc_row][vc_row css=\u00bb.vc_custom_1725010964605{padding-top: 3rem !important;padding-bottom: 7.8rem !important;}\u00bb][vc_column width=\u00bb1\/2&#8243;][vc_empty_space hide_on_mobile=\u00bb\u00bb][vc_empty_space alter_height=\u00bbsmall\u00bb hide_on_mobile=\u00bb\u00bb][vc_empty_space alter_height=\u00bbsmall\u00bb hide_on_mobile=\u00bb\u00bb][vc_empty_space alter_height=\u00bbsmall\u00bb hide_on_mobile=\u00bb\u00bb][vc_empty_space alter_height=\u00bbsmall\u00bb&hellip;\" \/>\n<meta property=\"og:url\" content=\"https:\/\/satgurutravel.es\/es\/contacto\/\" \/>\n<meta property=\"og:site_name\" content=\"Satguru Travel Spain\" \/>\n<meta property=\"article:modified_time\" content=\"2024-08-30T09:59:26+00:00\" \/>\n<meta name=\"twitter:card\" content=\"summary_large_image\" \/>\n<meta name=\"twitter:label1\" content=\"Tiempo de lectura\" \/>\n\t<meta name=\"twitter:data1\" content=\"1 minuto\" \/>\n<script type=\"application\/ld+json\" class=\"yoast-schema-graph\">{\"@context\":\"https:\/\/schema.org\",\"@graph\":[{\"@type\":\"WebPage\",\"@id\":\"https:\/\/satgurutravel.es\/es\/contacto\/\",\"url\":\"https:\/\/satgurutravel.es\/es\/contacto\/\",\"name\":\"Contacto - Satguru Travel Spain\",\"isPartOf\":{\"@id\":\"https:\/\/satgurutravel.es\/es\/#website\"},\"datePublished\":\"2016-12-23T08:43:46+00:00\",\"dateModified\":\"2024-08-30T09:59:26+00:00\",\"breadcrumb\":{\"@id\":\"https:\/\/satgurutravel.es\/es\/contacto\/#breadcrumb\"},\"inLanguage\":\"es\",\"potentialAction\":[{\"@type\":\"ReadAction\",\"target\":[\"https:\/\/satgurutravel.es\/es\/contacto\/\"]}]},{\"@type\":\"BreadcrumbList\",\"@id\":\"https:\/\/satgurutravel.es\/es\/contacto\/#breadcrumb\",\"itemListElement\":[{\"@type\":\"ListItem\",\"position\":1,\"name\":\"Portada\",\"item\":\"https:\/\/satgurutravel.es\/es\/\"},{\"@type\":\"ListItem\",\"position\":2,\"name\":\"Contacto\"}]},{\"@type\":\"WebSite\",\"@id\":\"https:\/\/satgurutravel.es\/es\/#website\",\"url\":\"https:\/\/satgurutravel.es\/es\/\",\"name\":\"Satguru Travel Spain\",\"description\":\"Travels &amp; Tour Service Spain\",\"potentialAction\":[{\"@type\":\"SearchAction\",\"target\":{\"@type\":\"EntryPoint\",\"urlTemplate\":\"https:\/\/satgurutravel.es\/es\/?s={search_term_string}\"},\"query-input\":\"required name=search_term_string\"}],\"inLanguage\":\"es\"}]}<\/script>\n<!-- \/ Yoast SEO plugin. -->","yoast_head_json":{"title":"Contacto - Satguru Travel Spain","robots":{"index":"index","follow":"follow","max-snippet":"max-snippet:-1","max-image-preview":"max-image-preview:large","max-video-preview":"max-video-preview:-1"},"canonical":"https:\/\/satgurutravel.es\/es\/contacto\/","og_locale":"es_ES","og_type":"article","og_title":"Contacto - Satguru Travel Spain","og_description":"[vc_row full_width=\u00bbstretch_row_content_no_spaces\u00bb content_placement=\u00bbmiddle\u00bb parallax=\u00bbcontent-moving\u00bb parallax_image=\u00bb1610&#8243; css=\u00bb.vc_custom_1724970931199{margin-top: 0px !important;margin-bottom: 5rem !important;border-top-width: 0px !important;padding-top: 80px !important;padding-bottom: 80px !important;}\u00bb][vc_column][\/vc_column][\/vc_row][vc_row css=\u00bb.vc_custom_1725010964605{padding-top: 3rem !important;padding-bottom: 7.8rem !important;}\u00bb][vc_column width=\u00bb1\/2&#8243;][vc_empty_space hide_on_mobile=\u00bb\u00bb][vc_empty_space alter_height=\u00bbsmall\u00bb hide_on_mobile=\u00bb\u00bb][vc_empty_space alter_height=\u00bbsmall\u00bb hide_on_mobile=\u00bb\u00bb][vc_empty_space alter_height=\u00bbsmall\u00bb hide_on_mobile=\u00bb\u00bb][vc_empty_space alter_height=\u00bbsmall\u00bb&hellip;","og_url":"https:\/\/satgurutravel.es\/es\/contacto\/","og_site_name":"Satguru Travel Spain","article_modified_time":"2024-08-30T09:59:26+00:00","twitter_card":"summary_large_image","twitter_misc":{"Tiempo de lectura":"1 minuto"},"schema":{"@context":"https:\/\/schema.org","@graph":[{"@type":"WebPage","@id":"https:\/\/satgurutravel.es\/es\/contacto\/","url":"https:\/\/satgurutravel.es\/es\/contacto\/","name":"Contacto - Satguru Travel Spain","isPartOf":{"@id":"https:\/\/satgurutravel.es\/es\/#website"},"datePublished":"2016-12-23T08:43:46+00:00","dateModified":"2024-08-30T09:59:26+00:00","breadcrumb":{"@id":"https:\/\/satgurutravel.es\/es\/contacto\/#breadcrumb"},"inLanguage":"es","potentialAction":[{"@type":"ReadAction","target":["https:\/\/satgurutravel.es\/es\/contacto\/"]}]},{"@type":"BreadcrumbList","@id":"https:\/\/satgurutravel.es\/es\/contacto\/#breadcrumb","itemListElement":[{"@type":"ListItem","position":1,"name":"Portada","item":"https:\/\/satgurutravel.es\/es\/"},{"@type":"ListItem","position":2,"name":"Contacto"}]},{"@type":"WebSite","@id":"https:\/\/satgurutravel.es\/es\/#website","url":"https:\/\/satgurutravel.es\/es\/","name":"Satguru Travel Spain","description":"Travels &amp; Tour Service Spain","potentialAction":[{"@type":"SearchAction","target":{"@type":"EntryPoint","urlTemplate":"https:\/\/satgurutravel.es\/es\/?s={search_term_string}"},"query-input":"required name=search_term_string"}],"inLanguage":"es"}]}},"_links":{"self":[{"href":"https:\/\/satgurutravel.es\/es\/wp-json\/wp\/v2\/pages\/1470"}],"collection":[{"href":"https:\/\/satgurutravel.es\/es\/wp-json\/wp\/v2\/pages"}],"about":[{"href":"https:\/\/satgurutravel.es\/es\/wp-json\/wp\/v2\/types\/page"}],"author":[{"embeddable":true,"href":"https:\/\/satgurutravel.es\/es\/wp-json\/wp\/v2\/users\/1"}],"replies":[{"embeddable":true,"href":"https:\/\/satgurutravel.es\/es\/wp-json\/wp\/v2\/comments?post=1470"}],"version-history":[{"count":14,"href":"https:\/\/satgurutravel.es\/es\/wp-json\/wp\/v2\/pages\/1470\/revisions"}],"predecessor-version":[{"id":1967,"href":"https:\/\/satgurutravel.es\/es\/wp-json\/wp\/v2\/pages\/1470\/revisions\/1967"}],"wp:attachment":[{"href":"https:\/\/satgurutravel.es\/es\/wp-json\/wp\/v2\/media?parent=1470"}],"curies":[{"name":"wp","href":"https:\/\/api.w.org\/{rel}","templated":true}]}}