{"id":1471,"date":"2016-12-23T10:43:26","date_gmt":"2016-12-23T08:43:26","guid":{"rendered":"https:\/\/satgurutravel.panelserver.org\/our-services\/"},"modified":"2025-09-02T10:17:44","modified_gmt":"2025-09-02T08:17:44","slug":"nuestros-servicios-corporativo","status":"publish","type":"page","link":"https:\/\/satgurutravel.es\/es\/nuestros-servicios-corporativo\/","title":{"rendered":"Corporativo"},"content":{"rendered":"<div class=\"wpb-content-wrapper\"><p>[vc_row full_width=\u00bbstretch_row\u00bb css=\u00bb.vc_custom_1724739493295{padding-bottom: 1rem !important;background-color: #ffffff !important;background-position: center !important;background-repeat: no-repeat !important;background-size: cover !important;}\u00bb el_class=\u00bbabout_3&#8243;][vc_column]<div  id=\"sc_promo_7415205\" \n\tclass=\"sc_promo sc_promo_default sc_promo_size_normal sc_promo_image_fit sc_promo_image_position_right\"><div class=\"sc_promo_image\" style=\"background-image:url(https:\/\/satgurutravel.es\/wp-content\/uploads\/2024\/08\/people-copia.png);width:50%;right: 0;\"><\/div><div class=\"sc_promo_text\" style=\"width: 50%;float: left;\">\n\t\t\t<div class=\"sc_promo_text_inner\" style=\"\"><h6 class=\"sc_item_subtitle sc_promo_subtitle sc_align_left sc_item_title_style_default\">Services<\/h6><h3 class=\"sc_item_title sc_promo_title sc_align_left sc_item_title_style_default sc_item_title_tag\">Reuniones corporativas y ocio de incentivos FIT Group<\/h3><div class=\"sc_item_descr sc_promo_descr sc_align_left sc_item_title_style_default\">En Satgurtu Travel, nos especializamos en crear experiencias de viaje excepcionales dise\u00f1adas a medida para reuniones corporativas y grupos de incentivos. Nuestro equipo especializado se encarga de cada detalle, desde la selecci\u00f3n del lugar hasta la log\u00edstica del viaje, para garantizar un viaje inolvidable y sin complicaciones. Ya sea que est\u00e9 planeando una reuni\u00f3n estrat\u00e9gica, un evento de formaci\u00f3n de equipos o recompensando a sus mejores empleados con un viaje de incentivo, ofrecemos soluciones personalizadas que se alinean con sus objetivos comerciales. Perm\u00edtanos eliminar el estr\u00e9s de la planificaci\u00f3n para que pueda concentrarse en lo que m\u00e1s importa: generar conexiones e impulsar el \u00e9xito.<\/div><\/div>\n\t\t<\/div><!-- \/.sc_promo_text --><\/div><!-- \/.sc_promo -->[\/vc_column][\/vc_row]<\/p>\n<\/div>","protected":false},"excerpt":{"rendered":"<p>[vc_row full_width=\u00bbstretch_row\u00bb css=\u00bb.vc_custom_1724739493295{padding-bottom: 1rem !important;background-color: #ffffff !important;background-position: center !important;background-repeat: no-repeat !important;background-size: cover !important;}\u00bb el_class=\u00bbabout_3&#8243;][vc_column][\/vc_column][\/vc_row]<\/p>\n","protected":false},"author":1,"featured_media":0,"parent":0,"menu_order":200,"comment_status":"closed","ping_status":"closed","template":"","meta":{"footnotes":""},"class_list":["post-1471","page","type-page","status-publish","hentry"],"yoast_head":"<!-- This site is optimized with the Yoast SEO plugin v23.3 - https:\/\/yoast.com\/wordpress\/plugins\/seo\/ -->\n<title>Corporativo - Satguru Travel Spain<\/title>\n<meta name=\"robots\" content=\"index, follow, max-snippet:-1, max-image-preview:large, max-video-preview:-1\" \/>\n<link rel=\"canonical\" href=\"https:\/\/satgurutravel.es\/es\/nuestros-servicios-corporativo\/\" \/>\n<meta property=\"og:locale\" content=\"es_ES\" \/>\n<meta property=\"og:type\" content=\"article\" \/>\n<meta property=\"og:title\" content=\"Corporativo - Satguru Travel Spain\" \/>\n<meta property=\"og:description\" content=\"[vc_row full_width=\u00bbstretch_row\u00bb css=\u00bb.vc_custom_1724739493295{padding-bottom: 1rem !important;background-color: #ffffff !important;background-position: center !important;background-repeat: no-repeat !important;background-size: cover !important;}\u00bb el_class=\u00bbabout_3&#8243;][vc_column][\/vc_column][\/vc_row]\" \/>\n<meta property=\"og:url\" content=\"https:\/\/satgurutravel.es\/es\/nuestros-servicios-corporativo\/\" \/>\n<meta property=\"og:site_name\" content=\"Satguru Travel Spain\" \/>\n<meta property=\"article:modified_time\" content=\"2025-09-02T08:17:44+00:00\" \/>\n<meta name=\"twitter:card\" content=\"summary_large_image\" \/>\n<meta name=\"twitter:label1\" content=\"Tiempo de lectura\" \/>\n\t<meta name=\"twitter:data1\" content=\"1 minuto\" \/>\n<script type=\"application\/ld+json\" class=\"yoast-schema-graph\">{\"@context\":\"https:\/\/schema.org\",\"@graph\":[{\"@type\":\"WebPage\",\"@id\":\"https:\/\/satgurutravel.es\/es\/nuestros-servicios-corporativo\/\",\"url\":\"https:\/\/satgurutravel.es\/es\/nuestros-servicios-corporativo\/\",\"name\":\"Corporativo - Satguru Travel Spain\",\"isPartOf\":{\"@id\":\"https:\/\/satgurutravel.es\/es\/#website\"},\"datePublished\":\"2016-12-23T08:43:26+00:00\",\"dateModified\":\"2025-09-02T08:17:44+00:00\",\"breadcrumb\":{\"@id\":\"https:\/\/satgurutravel.es\/es\/nuestros-servicios-corporativo\/#breadcrumb\"},\"inLanguage\":\"es\",\"potentialAction\":[{\"@type\":\"ReadAction\",\"target\":[\"https:\/\/satgurutravel.es\/es\/nuestros-servicios-corporativo\/\"]}]},{\"@type\":\"BreadcrumbList\",\"@id\":\"https:\/\/satgurutravel.es\/es\/nuestros-servicios-corporativo\/#breadcrumb\",\"itemListElement\":[{\"@type\":\"ListItem\",\"position\":1,\"name\":\"Portada\",\"item\":\"https:\/\/satgurutravel.es\/es\/\"},{\"@type\":\"ListItem\",\"position\":2,\"name\":\"Corporativo\"}]},{\"@type\":\"WebSite\",\"@id\":\"https:\/\/satgurutravel.es\/es\/#website\",\"url\":\"https:\/\/satgurutravel.es\/es\/\",\"name\":\"Satguru Travel Spain\",\"description\":\"Travels &amp; Tour Service Spain\",\"potentialAction\":[{\"@type\":\"SearchAction\",\"target\":{\"@type\":\"EntryPoint\",\"urlTemplate\":\"https:\/\/satgurutravel.es\/es\/?s={search_term_string}\"},\"query-input\":\"required name=search_term_string\"}],\"inLanguage\":\"es\"}]}<\/script>\n<!-- \/ Yoast SEO plugin. -->","yoast_head_json":{"title":"Corporativo - Satguru Travel Spain","robots":{"index":"index","follow":"follow","max-snippet":"max-snippet:-1","max-image-preview":"max-image-preview:large","max-video-preview":"max-video-preview:-1"},"canonical":"https:\/\/satgurutravel.es\/es\/nuestros-servicios-corporativo\/","og_locale":"es_ES","og_type":"article","og_title":"Corporativo - Satguru Travel Spain","og_description":"[vc_row full_width=\u00bbstretch_row\u00bb css=\u00bb.vc_custom_1724739493295{padding-bottom: 1rem !important;background-color: #ffffff !important;background-position: center !important;background-repeat: no-repeat !important;background-size: cover !important;}\u00bb el_class=\u00bbabout_3&#8243;][vc_column][\/vc_column][\/vc_row]","og_url":"https:\/\/satgurutravel.es\/es\/nuestros-servicios-corporativo\/","og_site_name":"Satguru Travel Spain","article_modified_time":"2025-09-02T08:17:44+00:00","twitter_card":"summary_large_image","twitter_misc":{"Tiempo de lectura":"1 minuto"},"schema":{"@context":"https:\/\/schema.org","@graph":[{"@type":"WebPage","@id":"https:\/\/satgurutravel.es\/es\/nuestros-servicios-corporativo\/","url":"https:\/\/satgurutravel.es\/es\/nuestros-servicios-corporativo\/","name":"Corporativo - Satguru Travel Spain","isPartOf":{"@id":"https:\/\/satgurutravel.es\/es\/#website"},"datePublished":"2016-12-23T08:43:26+00:00","dateModified":"2025-09-02T08:17:44+00:00","breadcrumb":{"@id":"https:\/\/satgurutravel.es\/es\/nuestros-servicios-corporativo\/#breadcrumb"},"inLanguage":"es","potentialAction":[{"@type":"ReadAction","target":["https:\/\/satgurutravel.es\/es\/nuestros-servicios-corporativo\/"]}]},{"@type":"BreadcrumbList","@id":"https:\/\/satgurutravel.es\/es\/nuestros-servicios-corporativo\/#breadcrumb","itemListElement":[{"@type":"ListItem","position":1,"name":"Portada","item":"https:\/\/satgurutravel.es\/es\/"},{"@type":"ListItem","position":2,"name":"Corporativo"}]},{"@type":"WebSite","@id":"https:\/\/satgurutravel.es\/es\/#website","url":"https:\/\/satgurutravel.es\/es\/","name":"Satguru Travel Spain","description":"Travels &amp; Tour Service Spain","potentialAction":[{"@type":"SearchAction","target":{"@type":"EntryPoint","urlTemplate":"https:\/\/satgurutravel.es\/es\/?s={search_term_string}"},"query-input":"required name=search_term_string"}],"inLanguage":"es"}]}},"_links":{"self":[{"href":"https:\/\/satgurutravel.es\/es\/wp-json\/wp\/v2\/pages\/1471"}],"collection":[{"href":"https:\/\/satgurutravel.es\/es\/wp-json\/wp\/v2\/pages"}],"about":[{"href":"https:\/\/satgurutravel.es\/es\/wp-json\/wp\/v2\/types\/page"}],"author":[{"embeddable":true,"href":"https:\/\/satgurutravel.es\/es\/wp-json\/wp\/v2\/users\/1"}],"replies":[{"embeddable":true,"href":"https:\/\/satgurutravel.es\/es\/wp-json\/wp\/v2\/comments?post=1471"}],"version-history":[{"count":5,"href":"https:\/\/satgurutravel.es\/es\/wp-json\/wp\/v2\/pages\/1471\/revisions"}],"predecessor-version":[{"id":1981,"href":"https:\/\/satgurutravel.es\/es\/wp-json\/wp\/v2\/pages\/1471\/revisions\/1981"}],"wp:attachment":[{"href":"https:\/\/satgurutravel.es\/es\/wp-json\/wp\/v2\/media?parent=1471"}],"curies":[{"name":"wp","href":"https:\/\/api.w.org\/{rel}","templated":true}]}}