{"id":1473,"date":"2016-12-23T10:41:10","date_gmt":"2016-12-23T08:41:10","guid":{"rendered":"https:\/\/satgurutravel.panelserver.org\/about-us\/"},"modified":"2024-08-30T11:33:59","modified_gmt":"2024-08-30T09:33:59","slug":"sobre-nosotros","status":"publish","type":"page","link":"https:\/\/satgurutravel.es\/es\/sobre-nosotros\/","title":{"rendered":"Sobre nosotros"},"content":{"rendered":"<div class=\"wpb-content-wrapper\"><p>[vc_row full_width=\u00bbstretch_row_content_no_spaces\u00bb content_placement=\u00bbmiddle\u00bb parallax=\u00bbcontent-moving\u00bb parallax_image=\u00bb1610&#8243; css=\u00bb.vc_custom_1725010430813{margin-top: 0px !important;border-top-width: 0px !important;padding-top: 4rem !important;padding-bottom: 4rem !important;}\u00bb][vc_column]<div id=\"sc_title_1132700831\"\n\t\tclass=\"sc_title sc_title_default\"><h6 class=\"sc_item_subtitle sc_title_subtitle sc_align_center sc_item_title_style_inverse\">SATGURU TRAVEL<\/h6><h2 class=\"sc_item_title sc_title_title sc_align_center sc_item_title_style_inverse sc_item_title_tag\">SOBRE NOSOTROS<\/h2><\/div><!-- \/.sc_title -->[\/vc_column][\/vc_row][vc_row full_width=\u00bbstretch_row\u00bb css=\u00bb.vc_custom_1724683061917{padding-top: 8.45rem !important;padding-bottom: 3rem !important;background-image: url(https:\/\/satgurutravel.es\/wp-content\/uploads\/2024\/08\/fondo-satguru-about-us.jpg?id=1458) !important;background-position: center !important;background-repeat: no-repeat !important;background-size: cover !important;}\u00bb el_class=\u00bbabout_1&#8243;][vc_column]<div  id=\"sc_promo_1487165789\" \n\tclass=\"sc_promo sc_promo_default sc_promo_size_normal sc_promo_image_position_right\"><div class=\"sc_promo_image\" style=\"background-image:url(https:\/\/satgurutravel.es\/wp-content\/uploads\/2024\/08\/madrid-flamento.jpg);width:50%;right: 0;\"><\/div><div class=\"sc_promo_text\" style=\"width: 50%;float: left;\">\n\t\t\t<div class=\"sc_promo_text_inner\" style=\"\"><h6 class=\"sc_item_subtitle sc_promo_subtitle sc_align_left sc_item_title_style_default\">Qui\u00e9nes somos<\/h6><h3 class=\"sc_item_title sc_promo_title sc_align_left sc_item_title_style_default sc_item_title_tag\">Sobre Satguru Travel<\/h3><div class=\"sc_item_descr sc_promo_descr sc_align_left sc_item_title_style_default\">Bienvenidos a nuestra vibrante y din\u00e1mica empresa, donde nos apasiona brindarles las excursiones m\u00e1s extraordinarias e inolvidables en Espa\u00f1a. Nuestro equipo de gu\u00edas altamente experimentados y entusiastas est\u00e1 dedicado a brindarles lo mejor de la cultura, la historia y la gastronom\u00eda locales.<br \/><br \/>\nCreemos que viajar se trata de crear recuerdos inolvidables y forjar conexiones con las personas y las comunidades locales. Es por eso que estamos comprometidos a brindar experiencias aut\u00e9nticas e inmersivas que le dejar\u00e1n una verdadera sensaci\u00f3n del coraz\u00f3n y el alma de cada destino.<br \/><br \/>\nEn nuestra empresa, estamos orgullosos de trabajar con los mejores socios y proveedores para garantizar que cada recorrido que ofrecemos no solo sea de la m\u00e1s alta calidad, sino tambi\u00e9n socialmente responsable y sostenible.<\/div><div class=\"sc_item_button sc_item_button_default sc_promo_button sc_align_left sc_button_wrap\"><a href=\"\/es\/contacto\/\" id=\"sc_button_1794539220\" class=\"sc_button sc_button_default sc_button_size_normal sc_button_icon_left\"><span class=\"sc_button_text\"><span class=\"sc_button_title\">Contacto<\/span><\/span><!-- \/.sc_button_text --><\/a><!-- \/.sc_button --><\/div><!-- \/.sc_item_button sc_item_button_default sc_promo_button sc_align_left --><\/div>\n\t\t<\/div><!-- \/.sc_promo_text --><\/div><!-- \/.sc_promo -->[\/vc_column][\/vc_row]<\/p>\n<\/div>","protected":false},"excerpt":{"rendered":"<p>[vc_row full_width=\u00bbstretch_row_content_no_spaces\u00bb content_placement=\u00bbmiddle\u00bb parallax=\u00bbcontent-moving\u00bb parallax_image=\u00bb1610&#8243; css=\u00bb.vc_custom_1725010430813{margin-top: 0px !important;border-top-width: 0px !important;padding-top: 4rem !important;padding-bottom: 4rem !important;}\u00bb][vc_column][\/vc_column][\/vc_row][vc_row full_width=\u00bbstretch_row\u00bb css=\u00bb.vc_custom_1724683061917{padding-top: 8.45rem !important;padding-bottom: 3rem !important;background-image: url(https:\/\/satgurutravel.es\/wp-content\/uploads\/2024\/08\/fondo-satguru-about-us.jpg?id=1458) !important;background-position: center !important;background-repeat: no-repeat !important;background-size: cover !important;}\u00bb el_class=\u00bbabout_1&#8243;][vc_column][\/vc_column][\/vc_row]<\/p>\n","protected":false},"author":1,"featured_media":0,"parent":0,"menu_order":600,"comment_status":"closed","ping_status":"closed","template":"","meta":{"footnotes":""},"class_list":["post-1473","page","type-page","status-publish","hentry"],"yoast_head":"<!-- This site is optimized with the Yoast SEO plugin v23.3 - https:\/\/yoast.com\/wordpress\/plugins\/seo\/ -->\n<title>Sobre nosotros - Satguru Travel Spain<\/title>\n<meta name=\"robots\" content=\"index, follow, max-snippet:-1, max-image-preview:large, max-video-preview:-1\" \/>\n<link rel=\"canonical\" href=\"https:\/\/satgurutravel.es\/es\/sobre-nosotros\/\" \/>\n<meta property=\"og:locale\" content=\"es_ES\" \/>\n<meta property=\"og:type\" content=\"article\" \/>\n<meta property=\"og:title\" content=\"Sobre nosotros - Satguru Travel Spain\" \/>\n<meta property=\"og:description\" content=\"[vc_row full_width=\u00bbstretch_row_content_no_spaces\u00bb content_placement=\u00bbmiddle\u00bb parallax=\u00bbcontent-moving\u00bb parallax_image=\u00bb1610&#8243; css=\u00bb.vc_custom_1725010430813{margin-top: 0px !important;border-top-width: 0px !important;padding-top: 4rem !important;padding-bottom: 4rem !important;}\u00bb][vc_column][\/vc_column][\/vc_row][vc_row full_width=\u00bbstretch_row\u00bb css=\u00bb.vc_custom_1724683061917{padding-top: 8.45rem !important;padding-bottom: 3rem !important;background-image: url(https:\/\/satgurutravel.es\/wp-content\/uploads\/2024\/08\/fondo-satguru-about-us.jpg?id=1458) !important;background-position: center !important;background-repeat: no-repeat !important;background-size: cover !important;}\u00bb el_class=\u00bbabout_1&#8243;][vc_column][\/vc_column][\/vc_row]\" \/>\n<meta property=\"og:url\" content=\"https:\/\/satgurutravel.es\/es\/sobre-nosotros\/\" \/>\n<meta property=\"og:site_name\" content=\"Satguru Travel Spain\" \/>\n<meta property=\"article:modified_time\" content=\"2024-08-30T09:33:59+00:00\" \/>\n<meta name=\"twitter:card\" content=\"summary_large_image\" \/>\n<meta name=\"twitter:label1\" content=\"Tiempo de lectura\" \/>\n\t<meta name=\"twitter:data1\" content=\"2 minutos\" \/>\n<script type=\"application\/ld+json\" class=\"yoast-schema-graph\">{\"@context\":\"https:\/\/schema.org\",\"@graph\":[{\"@type\":\"WebPage\",\"@id\":\"https:\/\/satgurutravel.es\/es\/sobre-nosotros\/\",\"url\":\"https:\/\/satgurutravel.es\/es\/sobre-nosotros\/\",\"name\":\"Sobre nosotros - Satguru Travel Spain\",\"isPartOf\":{\"@id\":\"https:\/\/satgurutravel.es\/es\/#website\"},\"datePublished\":\"2016-12-23T08:41:10+00:00\",\"dateModified\":\"2024-08-30T09:33:59+00:00\",\"breadcrumb\":{\"@id\":\"https:\/\/satgurutravel.es\/es\/sobre-nosotros\/#breadcrumb\"},\"inLanguage\":\"es\",\"potentialAction\":[{\"@type\":\"ReadAction\",\"target\":[\"https:\/\/satgurutravel.es\/es\/sobre-nosotros\/\"]}]},{\"@type\":\"BreadcrumbList\",\"@id\":\"https:\/\/satgurutravel.es\/es\/sobre-nosotros\/#breadcrumb\",\"itemListElement\":[{\"@type\":\"ListItem\",\"position\":1,\"name\":\"Portada\",\"item\":\"https:\/\/satgurutravel.es\/es\/\"},{\"@type\":\"ListItem\",\"position\":2,\"name\":\"Sobre nosotros\"}]},{\"@type\":\"WebSite\",\"@id\":\"https:\/\/satgurutravel.es\/es\/#website\",\"url\":\"https:\/\/satgurutravel.es\/es\/\",\"name\":\"Satguru Travel Spain\",\"description\":\"Travels &amp; Tour Service Spain\",\"potentialAction\":[{\"@type\":\"SearchAction\",\"target\":{\"@type\":\"EntryPoint\",\"urlTemplate\":\"https:\/\/satgurutravel.es\/es\/?s={search_term_string}\"},\"query-input\":\"required name=search_term_string\"}],\"inLanguage\":\"es\"}]}<\/script>\n<!-- \/ Yoast SEO plugin. -->","yoast_head_json":{"title":"Sobre nosotros - Satguru Travel Spain","robots":{"index":"index","follow":"follow","max-snippet":"max-snippet:-1","max-image-preview":"max-image-preview:large","max-video-preview":"max-video-preview:-1"},"canonical":"https:\/\/satgurutravel.es\/es\/sobre-nosotros\/","og_locale":"es_ES","og_type":"article","og_title":"Sobre nosotros - Satguru Travel Spain","og_description":"[vc_row full_width=\u00bbstretch_row_content_no_spaces\u00bb content_placement=\u00bbmiddle\u00bb parallax=\u00bbcontent-moving\u00bb parallax_image=\u00bb1610&#8243; css=\u00bb.vc_custom_1725010430813{margin-top: 0px !important;border-top-width: 0px !important;padding-top: 4rem !important;padding-bottom: 4rem !important;}\u00bb][vc_column][\/vc_column][\/vc_row][vc_row full_width=\u00bbstretch_row\u00bb css=\u00bb.vc_custom_1724683061917{padding-top: 8.45rem !important;padding-bottom: 3rem !important;background-image: url(https:\/\/satgurutravel.es\/wp-content\/uploads\/2024\/08\/fondo-satguru-about-us.jpg?id=1458) !important;background-position: center !important;background-repeat: no-repeat !important;background-size: cover !important;}\u00bb el_class=\u00bbabout_1&#8243;][vc_column][\/vc_column][\/vc_row]","og_url":"https:\/\/satgurutravel.es\/es\/sobre-nosotros\/","og_site_name":"Satguru Travel Spain","article_modified_time":"2024-08-30T09:33:59+00:00","twitter_card":"summary_large_image","twitter_misc":{"Tiempo de lectura":"2 minutos"},"schema":{"@context":"https:\/\/schema.org","@graph":[{"@type":"WebPage","@id":"https:\/\/satgurutravel.es\/es\/sobre-nosotros\/","url":"https:\/\/satgurutravel.es\/es\/sobre-nosotros\/","name":"Sobre nosotros - Satguru Travel Spain","isPartOf":{"@id":"https:\/\/satgurutravel.es\/es\/#website"},"datePublished":"2016-12-23T08:41:10+00:00","dateModified":"2024-08-30T09:33:59+00:00","breadcrumb":{"@id":"https:\/\/satgurutravel.es\/es\/sobre-nosotros\/#breadcrumb"},"inLanguage":"es","potentialAction":[{"@type":"ReadAction","target":["https:\/\/satgurutravel.es\/es\/sobre-nosotros\/"]}]},{"@type":"BreadcrumbList","@id":"https:\/\/satgurutravel.es\/es\/sobre-nosotros\/#breadcrumb","itemListElement":[{"@type":"ListItem","position":1,"name":"Portada","item":"https:\/\/satgurutravel.es\/es\/"},{"@type":"ListItem","position":2,"name":"Sobre nosotros"}]},{"@type":"WebSite","@id":"https:\/\/satgurutravel.es\/es\/#website","url":"https:\/\/satgurutravel.es\/es\/","name":"Satguru Travel Spain","description":"Travels &amp; Tour Service Spain","potentialAction":[{"@type":"SearchAction","target":{"@type":"EntryPoint","urlTemplate":"https:\/\/satgurutravel.es\/es\/?s={search_term_string}"},"query-input":"required name=search_term_string"}],"inLanguage":"es"}]}},"_links":{"self":[{"href":"https:\/\/satgurutravel.es\/es\/wp-json\/wp\/v2\/pages\/1473"}],"collection":[{"href":"https:\/\/satgurutravel.es\/es\/wp-json\/wp\/v2\/pages"}],"about":[{"href":"https:\/\/satgurutravel.es\/es\/wp-json\/wp\/v2\/types\/page"}],"author":[{"embeddable":true,"href":"https:\/\/satgurutravel.es\/es\/wp-json\/wp\/v2\/users\/1"}],"replies":[{"embeddable":true,"href":"https:\/\/satgurutravel.es\/es\/wp-json\/wp\/v2\/comments?post=1473"}],"version-history":[{"count":7,"href":"https:\/\/satgurutravel.es\/es\/wp-json\/wp\/v2\/pages\/1473\/revisions"}],"predecessor-version":[{"id":1938,"href":"https:\/\/satgurutravel.es\/es\/wp-json\/wp\/v2\/pages\/1473\/revisions\/1938"}],"wp:attachment":[{"href":"https:\/\/satgurutravel.es\/es\/wp-json\/wp\/v2\/media?parent=1473"}],"curies":[{"name":"wp","href":"https:\/\/api.w.org\/{rel}","templated":true}]}}