{"id":1794,"date":"2024-08-30T01:41:27","date_gmt":"2024-08-29T23:41:27","guid":{"rendered":"https:\/\/satgurutravel.panelserver.org\/?page_id=1794"},"modified":"2024-08-30T04:57:26","modified_gmt":"2024-08-30T02:57:26","slug":"pedir-presupuesto","status":"publish","type":"page","link":"https:\/\/satgurutravel.es\/es\/pedir-presupuesto\/","title":{"rendered":"Pedir presupuesto"},"content":{"rendered":"<div class=\"wpb-content-wrapper\"><p>[vc_row full_width=\u00bbstretch_row_content_no_spaces\u00bb content_placement=\u00bbmiddle\u00bb parallax=\u00bbcontent-moving\u00bb parallax_image=\u00bb1610&#8243; css=\u00bb.vc_custom_1724976132977{margin-top: 0px !important;margin-bottom: 5rem !important;border-top-width: 0px !important;padding-top: 4rem !important;padding-bottom: 4rem !important;}\u00bb][vc_column]<div id=\"sc_title_1118062697\"\n\t\tclass=\"sc_title sc_title_default\"><h6 class=\"sc_item_subtitle sc_title_subtitle sc_align_center sc_item_title_style_inverse\">Think Travel, Think Us<\/h6><h2 class=\"sc_item_title sc_title_title sc_align_center sc_item_title_style_inverse sc_item_title_tag\">PEDIR PRESUPUESTO<\/h2><\/div><!-- \/.sc_title -->[\/vc_column][\/vc_row][vc_row css=\u00bb.vc_custom_1724975465853{padding-top: 1rem !important;padding-bottom: 2rem !important;}\u00bb][vc_column width=\u00bb1\/6&#8243;][\/vc_column][vc_column width=\u00bb2\/3&#8243;][vc_column_text css=\u00bb\u00bb]<\/p>\n<p style=\"text-align: center; font-size: 20px;\">Para poder planificar y enviar tu presupuesto de viaje, necesitamos que nos proporciones la siguiente informaci\u00f3n:<\/p>\n<p>[\/vc_column_text][\/vc_column][vc_column width=\u00bb1\/6&#8243;][\/vc_column][\/vc_row][vc_row][vc_column width=\u00bb1\/6&#8243;][\/vc_column][vc_column width=\u00bb2\/3&#8243;]\n<div class=\"wpcf7 no-js\" id=\"wpcf7-f1843-o1\" lang=\"en-US\" dir=\"ltr\">\n<div class=\"screen-reader-response\"><p role=\"status\" aria-live=\"polite\" aria-atomic=\"true\"><\/p> <ul><\/ul><\/div>\n<form action=\"\/es\/wp-json\/wp\/v2\/pages\/1794#wpcf7-f1843-o1\" method=\"post\" class=\"wpcf7-form init\" aria-label=\"Contact form\" novalidate=\"novalidate\" data-status=\"init\">\n<div style=\"display: none;\">\n<input type=\"hidden\" name=\"_wpcf7\" value=\"1843\" \/>\n<input type=\"hidden\" name=\"_wpcf7_version\" value=\"5.9.8\" \/>\n<input type=\"hidden\" name=\"_wpcf7_locale\" value=\"en_US\" \/>\n<input type=\"hidden\" name=\"_wpcf7_unit_tag\" value=\"wpcf7-f1843-o1\" \/>\n<input type=\"hidden\" name=\"_wpcf7_container_post\" value=\"0\" \/>\n<input type=\"hidden\" name=\"_wpcf7_posted_data_hash\" value=\"\" \/>\n<input type=\"hidden\" name=\"_wpcf7_recaptcha_response\" value=\"\" \/>\n<\/div>\n<div class=\"cf7_form_1_container\">\n\t<div class=\"columns_wrap\">\n\t\t<div class=\"column-1_1\">\n\t\t\t<div style=\"padding:35px 0px 15px 0px;font-weight:700;font-size:1.2em;color:#000;\">\n\t\t\t\t<p>\u00bfCUANTAS PERSONAS VIAJARAN?\n\t\t\t\t<\/p>\n\t\t\t<\/div>\n\t\t<\/div>\n\t\t<div class=\"column-1_1\">\n\t\t\t<div style=\"padding:20px 0px 10px 0px;\">\n\t\t\t\t<p>Adultos (>= 12 a\u00f1os)\n\t\t\t\t<\/p>\n\t\t\t<\/div>\n\t\t\t<p><span class=\"wpcf7-form-control-wrap\" data-name=\"adultos\"><input size=\"40\" maxlength=\"400\" class=\"wpcf7-form-control wpcf7-text wpcf7-validates-as-required\" aria-required=\"true\" aria-invalid=\"false\" placeholder=\"0\" value=\"\" type=\"text\" name=\"adultos\" \/><\/span>\n\t\t\t<\/p>\n\t\t<\/div>\n\t\t<div class=\"column-1_1\">\n\t\t\t<div style=\"padding:20px 0px 10px 0px;\">\n\t\t\t\t<p>Ni\u00f1o (2 < 12 a\u00f1os)\n\t\t\t\t<\/p>\n\t\t\t<\/div>\n\t\t\t<p><span class=\"wpcf7-form-control-wrap\" data-name=\"ninos\"><input size=\"40\" maxlength=\"400\" class=\"wpcf7-form-control wpcf7-text\" aria-invalid=\"false\" placeholder=\"0\" value=\"\" type=\"text\" name=\"ninos\" \/><\/span>\n\t\t\t<\/p>\n\t\t<\/div>\n\t\t<div class=\"column-1_1\">\n\t\t\t<div style=\"padding:20px 0px 10px 0px;\">\n\t\t\t\t<p>Beb\u00e9 (<= 2 a\u00f1os)\n\t\t\t\t<\/p>\n\t\t\t<\/div>\n\t\t\t<p><span class=\"wpcf7-form-control-wrap\" data-name=\"bebe\"><input size=\"40\" maxlength=\"400\" class=\"wpcf7-form-control wpcf7-text\" aria-invalid=\"false\" placeholder=\"0\" value=\"\" type=\"text\" name=\"bebe\" \/><\/span>\n\t\t\t<\/p>\n\t\t<\/div>\n\t<\/div>\n\t<div class=\"columns_wrap\">\n\t\t<div class=\"column-1_1\">\n\t\t\t<div style=\"padding:35px 0px 15px 0px;font-weight:700;font-size:1.2em;color:#000;\">\n\t\t\t\t<p>\u00bfEN QUE MES QUIERES VIAJAR? *\n\t\t\t\t<\/p>\n\t\t\t<\/div>\n\t\t<\/div>\n\t\t<div class=\"column-1_1\">\n\t\t\t<p><span class=\"wpcf7-form-control-wrap\" data-name=\"mes\"><select class=\"wpcf7-form-control wpcf7-select wpcf7-validates-as-required\" aria-required=\"true\" aria-invalid=\"false\" name=\"mes\"><option value=\"\">&#8212;Please choose an option&#8212;<\/option><option value=\"Enero\">Enero<\/option><option value=\"Febrero\">Febrero<\/option><option value=\"Marzo\">Marzo<\/option><option value=\"Abril\">Abril<\/option><option value=\"Mayo\">Mayo<\/option><option value=\"Junio\">Junio<\/option><option value=\"Julio\">Julio<\/option><option value=\"Agosto\">Agosto<\/option><option value=\"Septiembre\">Septiembre<\/option><option value=\"Octubre\">Octubre<\/option><option value=\"Noviembre\">Noviembre<\/option><option value=\"Diciembre\">Diciembre<\/option><\/select><\/span>\n\t\t\t<\/p>\n\t\t<\/div>\n\t<\/div>\n\t<div class=\"columns_wrap\">\n\t\t<div class=\"column-1_1\">\n\t\t\t<div style=\"padding:35px 0px 15px 0px;font-weight:700;font-size:1.2em;color:#000;\">\n\t\t\t\t<p>\u00bfTIPO\/CATEGOR\u00cdA DE LOS HOTELES? *\n\t\t\t\t<\/p>\n\t\t\t<\/div>\n\t\t<\/div>\n\t\t<div class=\"column-1_1\">\n\t\t\t<p><span class=\"wpcf7-form-control-wrap\" data-name=\"hoteles\"><span class=\"wpcf7-form-control wpcf7-radio\"><span class=\"wpcf7-list-item first\"><label><input type=\"radio\" name=\"hoteles\" value=\"Hoteles 3*\" \/><span class=\"wpcf7-list-item-label\">Hoteles 3*<\/span><\/label><\/span><span class=\"wpcf7-list-item\"><label><input type=\"radio\" name=\"hoteles\" value=\"Hoteles 4*\" \/><span class=\"wpcf7-list-item-label\">Hoteles 4*<\/span><\/label><\/span><span class=\"wpcf7-list-item\"><label><input type=\"radio\" name=\"hoteles\" value=\"Hoteles B\u00e1sicos 5*\" \/><span class=\"wpcf7-list-item-label\">Hoteles B\u00e1sicos 5*<\/span><\/label><\/span><span class=\"wpcf7-list-item last\"><label><input type=\"radio\" name=\"hoteles\" value=\"Hotels 5* de lujo\" \/><span class=\"wpcf7-list-item-label\">Hotels 5* de lujo<\/span><\/label><\/span><\/span><\/span>\n\t\t\t<\/p>\n\t\t<\/div>\n\t<\/div>\n\t<div class=\"columns_wrap\">\n\t\t<div class=\"column-1_1\">\n\t\t\t<div style=\"padding:45px 0px 15px 0px;font-weight:400;font-size:1.2em;color:#000;\">\n\t\t\t\t<p>Por favor, escribe aqu\u00ed tus comentarios adicionales:\n\t\t\t\t<\/p>\n\t\t\t<\/div>\n\t\t\t<div class=\"column-1_1\" style=\"padding-bottom:25px;\">\n\t\t\t\t<p><span class=\"wpcf7-form-control-wrap\" data-name=\"textarea-message\"><textarea cols=\"40\" rows=\"10\" maxlength=\"2000\" class=\"wpcf7-form-control wpcf7-textarea\" aria-invalid=\"false\" placeholder=\"Tu mensaje\" name=\"textarea-message\"><\/textarea><\/span>\n\t\t\t\t<\/p>\n\t\t\t<\/div>\n\t\t<\/div>\n\t\t<div class=\"columns_wrap\">\n\t\t\t<div class=\"column-1_1\">\n\t\t\t\t<div style=\"padding:15px 0px 15px 0px;font-weight:700;font-size:1.2em;color:#000;\">\n\t\t\t\t\t<p>INFORMACI\u00d3N DE CONTACTO:\n\t\t\t\t\t<\/p>\n\t\t\t\t<\/div>\n\t\t\t<\/div>\n\t\t\t<div class=\"column-1_2\">\n\t\t\t\t<p><span class=\"wpcf7-form-control-wrap\" data-name=\"your-name\"><input size=\"40\" maxlength=\"400\" class=\"wpcf7-form-control wpcf7-text wpcf7-validates-as-required\" aria-required=\"true\" aria-invalid=\"false\" placeholder=\"Tu nombre*\" value=\"\" type=\"text\" name=\"your-name\" \/><\/span>\n\t\t\t\t<\/p>\n\t\t\t<\/div>\n\t\t\t<div class=\"column-1_2\">\n\t\t\t\t<p><span class=\"wpcf7-form-control-wrap\" data-name=\"your-country\"><input size=\"40\" maxlength=\"400\" class=\"wpcf7-form-control wpcf7-text wpcf7-validates-as-required\" aria-required=\"true\" aria-invalid=\"false\" placeholder=\"Tu pa\u00eds*\" value=\"\" type=\"text\" name=\"your-country\" \/><\/span>\n\t\t\t\t<\/p>\n\t\t\t<\/div>\n\t\t<\/div>\n\t\t<div class=\"columns_wrap\">\n\t\t\t<div class=\"column-1_2\">\n\t\t\t\t<p><span class=\"wpcf7-form-control-wrap\" data-name=\"your-tel\"><input size=\"40\" maxlength=\"400\" class=\"wpcf7-form-control wpcf7-text wpcf7-validates-as-required\" aria-required=\"true\" aria-invalid=\"false\" placeholder=\"Tu tel\u00e9fono*\" value=\"\" type=\"text\" name=\"your-tel\" \/><\/span>\n\t\t\t\t<\/p>\n\t\t\t<\/div>\n\t\t\t<div class=\"column-1_2\">\n\t\t\t\t<p><span class=\"wpcf7-form-control-wrap\" data-name=\"your-email\"><input size=\"40\" maxlength=\"400\" class=\"wpcf7-form-control wpcf7-email wpcf7-validates-as-required wpcf7-text wpcf7-validates-as-email\" aria-required=\"true\" aria-invalid=\"false\" placeholder=\"Tu e-mail*\" value=\"\" type=\"email\" name=\"your-email\" \/><\/span>\n\t\t\t\t<\/p>\n\t\t\t<\/div>\n\t\t<\/div>\n\t\t<div class=\"columns_wrap\">\n\t\t\t<p><br clear=\"all\" \/>\n\t\t\t<\/p>\n\t\t\t<div class=\"column-1_1\">\n\t\t\t\t<p>En cumplimiento del Reglamento (UE) 2016\/679 del Parlamento Europeo y del Consejo de 27 de abril de 2016 relativo a la protecci\u00f3n de datos de las personas f\u00edsicas y a la libre circulaci\u00f3n de estos datos y por el que se deroga la Directiva 95\/46\/CE (Reglamento general de protecci\u00f3n de datos), le informamos que los datos recogidos a trav\u00e9s de este sitio o formulario web son confidenciales y ser\u00e1n incluidos en el fichero denominado usuarios web con titularidad de Satguru Travels & Tours S.L, con la exclusiva finalidad de poder atender su petici\u00f3n para lo que presta su expreso consentimiento.\n\t\t\t\t<\/p>\n\t\t\t<\/div>\n\t\t\t<p><br clear=\"all\" \/>\n\t\t\t<\/p>\n\t\t<\/div>\n\t\t<div class=\"columns_wrap\">\n\t\t\t<div class=\"column-1_1\">\n\t\t\t\t<p><span class=\"wpcf7-form-control-wrap\" data-name=\"commercial-communications\"><span class=\"wpcf7-form-control wpcf7-checkbox\"><span class=\"wpcf7-list-item first last\"><label><input type=\"checkbox\" name=\"commercial-communications[]\" value=\"Deseo recibir comunicaciones comerciales.\" \/><span class=\"wpcf7-list-item-label\">Deseo recibir comunicaciones comerciales.<\/span><\/label><\/span><\/span><\/span>\n\t\t\t\t<\/p>\n\t\t\t<\/div>\n\t\t<\/div>\n\t\t<div class=\"columns_wrap\">\n\t\t\t<div class=\"column-1_1\">\n\t\t\t\t<p><span class=\"wpcf7-form-control-wrap\" data-name=\"RGPD\"><span class=\"wpcf7-form-control wpcf7-acceptance\"><span class=\"wpcf7-list-item\"><label><input type=\"checkbox\" name=\"RGPD\" value=\"1\" aria-invalid=\"false\" \/><span class=\"wpcf7-list-item-label\">He le\u00eddo y acepto la <a href=\"\/es\/politica-de-privacidad\" target=\"_blank\">pol\u00edtica de privacidad.<\/a><\/span><\/label><\/span><\/span><\/span>\n\t\t\t\t<\/p>\n\t\t\t<\/div>\n\t\t<\/div>\n\t\t<div class=\"columns_wrap\">\n\t\t\t<div class=\"column-1_1 cf7_right\">\n\t\t\t\t<p><input class=\"wpcf7-form-control wpcf7-submit has-spinner\" type=\"submit\" value=\"Enviar mensaje\" \/>\n\t\t\t\t<\/p>\n\t\t\t<\/div>\n\t\t<\/div>\n\t<\/div>\n<\/div><div class=\"wpcf7-response-output\" aria-hidden=\"true\"><\/div>\n<\/form>\n<\/div>\n[\/vc_column][vc_column width=\u00bb1\/6&#8243;][\/vc_column][\/vc_row][vc_row][vc_column][vc_empty_space height=\u00bb40px\u00bb alter_height=\u00bbnone\u00bb hide_on_mobile=\u00bb\u00bb][\/vc_column][\/vc_row]<\/p>\n<\/div>","protected":false},"excerpt":{"rendered":"<p>[vc_row full_width=\u00bbstretch_row_content_no_spaces\u00bb content_placement=\u00bbmiddle\u00bb parallax=\u00bbcontent-moving\u00bb parallax_image=\u00bb1610&#8243; css=\u00bb.vc_custom_1724976132977{margin-top: 0px !important;margin-bottom: 5rem !important;border-top-width: 0px !important;padding-top: 4rem !important;padding-bottom: 4rem !important;}\u00bb][vc_column][\/vc_column][\/vc_row][vc_row css=\u00bb.vc_custom_1724975465853{padding-top: 1rem !important;padding-bottom: 2rem !important;}\u00bb][vc_column width=\u00bb1\/6&#8243;][\/vc_column][vc_column width=\u00bb2\/3&#8243;][vc_column_text css=\u00bb\u00bb] Para poder planificar y enviar tu&hellip;<\/p>\n","protected":false},"author":2,"featured_media":0,"parent":0,"menu_order":700,"comment_status":"closed","ping_status":"closed","template":"","meta":{"footnotes":""},"class_list":["post-1794","page","type-page","status-publish","hentry"],"yoast_head":"<!-- This site is optimized with the Yoast SEO plugin v23.3 - https:\/\/yoast.com\/wordpress\/plugins\/seo\/ -->\n<title>Pedir presupuesto - Satguru Travel Spain<\/title>\n<meta name=\"robots\" content=\"index, follow, max-snippet:-1, max-image-preview:large, max-video-preview:-1\" \/>\n<link rel=\"canonical\" href=\"https:\/\/satgurutravel.es\/es\/pedir-presupuesto\/\" \/>\n<meta property=\"og:locale\" content=\"es_ES\" \/>\n<meta property=\"og:type\" content=\"article\" \/>\n<meta property=\"og:title\" content=\"Pedir presupuesto - Satguru Travel Spain\" \/>\n<meta property=\"og:description\" content=\"[vc_row full_width=\u00bbstretch_row_content_no_spaces\u00bb content_placement=\u00bbmiddle\u00bb parallax=\u00bbcontent-moving\u00bb parallax_image=\u00bb1610&#8243; css=\u00bb.vc_custom_1724976132977{margin-top: 0px !important;margin-bottom: 5rem !important;border-top-width: 0px !important;padding-top: 4rem !important;padding-bottom: 4rem !important;}\u00bb][vc_column][\/vc_column][\/vc_row][vc_row css=\u00bb.vc_custom_1724975465853{padding-top: 1rem !important;padding-bottom: 2rem !important;}\u00bb][vc_column width=\u00bb1\/6&#8243;][\/vc_column][vc_column width=\u00bb2\/3&#8243;][vc_column_text css=\u00bb\u00bb] Para poder planificar y enviar tu&hellip;\" \/>\n<meta property=\"og:url\" content=\"https:\/\/satgurutravel.es\/es\/pedir-presupuesto\/\" \/>\n<meta property=\"og:site_name\" content=\"Satguru Travel Spain\" \/>\n<meta property=\"article:modified_time\" content=\"2024-08-30T02:57:26+00:00\" \/>\n<meta name=\"twitter:card\" content=\"summary_large_image\" \/>\n<meta name=\"twitter:label1\" content=\"Tiempo de lectura\" \/>\n\t<meta name=\"twitter:data1\" content=\"1 minuto\" \/>\n<script type=\"application\/ld+json\" class=\"yoast-schema-graph\">{\"@context\":\"https:\/\/schema.org\",\"@graph\":[{\"@type\":\"WebPage\",\"@id\":\"https:\/\/satgurutravel.es\/es\/pedir-presupuesto\/\",\"url\":\"https:\/\/satgurutravel.es\/es\/pedir-presupuesto\/\",\"name\":\"Pedir presupuesto - Satguru Travel Spain\",\"isPartOf\":{\"@id\":\"https:\/\/satgurutravel.es\/es\/#website\"},\"datePublished\":\"2024-08-29T23:41:27+00:00\",\"dateModified\":\"2024-08-30T02:57:26+00:00\",\"breadcrumb\":{\"@id\":\"https:\/\/satgurutravel.es\/es\/pedir-presupuesto\/#breadcrumb\"},\"inLanguage\":\"es\",\"potentialAction\":[{\"@type\":\"ReadAction\",\"target\":[\"https:\/\/satgurutravel.es\/es\/pedir-presupuesto\/\"]}]},{\"@type\":\"BreadcrumbList\",\"@id\":\"https:\/\/satgurutravel.es\/es\/pedir-presupuesto\/#breadcrumb\",\"itemListElement\":[{\"@type\":\"ListItem\",\"position\":1,\"name\":\"Portada\",\"item\":\"https:\/\/satgurutravel.es\/es\/\"},{\"@type\":\"ListItem\",\"position\":2,\"name\":\"Pedir presupuesto\"}]},{\"@type\":\"WebSite\",\"@id\":\"https:\/\/satgurutravel.es\/es\/#website\",\"url\":\"https:\/\/satgurutravel.es\/es\/\",\"name\":\"Satguru Travel Spain\",\"description\":\"Travels &amp; Tour Service Spain\",\"potentialAction\":[{\"@type\":\"SearchAction\",\"target\":{\"@type\":\"EntryPoint\",\"urlTemplate\":\"https:\/\/satgurutravel.es\/es\/?s={search_term_string}\"},\"query-input\":\"required name=search_term_string\"}],\"inLanguage\":\"es\"}]}<\/script>\n<!-- \/ Yoast SEO plugin. -->","yoast_head_json":{"title":"Pedir presupuesto - Satguru Travel Spain","robots":{"index":"index","follow":"follow","max-snippet":"max-snippet:-1","max-image-preview":"max-image-preview:large","max-video-preview":"max-video-preview:-1"},"canonical":"https:\/\/satgurutravel.es\/es\/pedir-presupuesto\/","og_locale":"es_ES","og_type":"article","og_title":"Pedir presupuesto - Satguru Travel Spain","og_description":"[vc_row full_width=\u00bbstretch_row_content_no_spaces\u00bb content_placement=\u00bbmiddle\u00bb parallax=\u00bbcontent-moving\u00bb parallax_image=\u00bb1610&#8243; css=\u00bb.vc_custom_1724976132977{margin-top: 0px !important;margin-bottom: 5rem !important;border-top-width: 0px !important;padding-top: 4rem !important;padding-bottom: 4rem !important;}\u00bb][vc_column][\/vc_column][\/vc_row][vc_row css=\u00bb.vc_custom_1724975465853{padding-top: 1rem !important;padding-bottom: 2rem !important;}\u00bb][vc_column width=\u00bb1\/6&#8243;][\/vc_column][vc_column width=\u00bb2\/3&#8243;][vc_column_text css=\u00bb\u00bb] Para poder planificar y enviar tu&hellip;","og_url":"https:\/\/satgurutravel.es\/es\/pedir-presupuesto\/","og_site_name":"Satguru Travel Spain","article_modified_time":"2024-08-30T02:57:26+00:00","twitter_card":"summary_large_image","twitter_misc":{"Tiempo de lectura":"1 minuto"},"schema":{"@context":"https:\/\/schema.org","@graph":[{"@type":"WebPage","@id":"https:\/\/satgurutravel.es\/es\/pedir-presupuesto\/","url":"https:\/\/satgurutravel.es\/es\/pedir-presupuesto\/","name":"Pedir presupuesto - Satguru Travel Spain","isPartOf":{"@id":"https:\/\/satgurutravel.es\/es\/#website"},"datePublished":"2024-08-29T23:41:27+00:00","dateModified":"2024-08-30T02:57:26+00:00","breadcrumb":{"@id":"https:\/\/satgurutravel.es\/es\/pedir-presupuesto\/#breadcrumb"},"inLanguage":"es","potentialAction":[{"@type":"ReadAction","target":["https:\/\/satgurutravel.es\/es\/pedir-presupuesto\/"]}]},{"@type":"BreadcrumbList","@id":"https:\/\/satgurutravel.es\/es\/pedir-presupuesto\/#breadcrumb","itemListElement":[{"@type":"ListItem","position":1,"name":"Portada","item":"https:\/\/satgurutravel.es\/es\/"},{"@type":"ListItem","position":2,"name":"Pedir presupuesto"}]},{"@type":"WebSite","@id":"https:\/\/satgurutravel.es\/es\/#website","url":"https:\/\/satgurutravel.es\/es\/","name":"Satguru Travel Spain","description":"Travels &amp; Tour Service Spain","potentialAction":[{"@type":"SearchAction","target":{"@type":"EntryPoint","urlTemplate":"https:\/\/satgurutravel.es\/es\/?s={search_term_string}"},"query-input":"required name=search_term_string"}],"inLanguage":"es"}]}},"_links":{"self":[{"href":"https:\/\/satgurutravel.es\/es\/wp-json\/wp\/v2\/pages\/1794"}],"collection":[{"href":"https:\/\/satgurutravel.es\/es\/wp-json\/wp\/v2\/pages"}],"about":[{"href":"https:\/\/satgurutravel.es\/es\/wp-json\/wp\/v2\/types\/page"}],"author":[{"embeddable":true,"href":"https:\/\/satgurutravel.es\/es\/wp-json\/wp\/v2\/users\/2"}],"replies":[{"embeddable":true,"href":"https:\/\/satgurutravel.es\/es\/wp-json\/wp\/v2\/comments?post=1794"}],"version-history":[{"count":5,"href":"https:\/\/satgurutravel.es\/es\/wp-json\/wp\/v2\/pages\/1794\/revisions"}],"predecessor-version":[{"id":1847,"href":"https:\/\/satgurutravel.es\/es\/wp-json\/wp\/v2\/pages\/1794\/revisions\/1847"}],"wp:attachment":[{"href":"https:\/\/satgurutravel.es\/es\/wp-json\/wp\/v2\/media?parent=1794"}],"curies":[{"name":"wp","href":"https:\/\/api.w.org\/{rel}","templated":true}]}}