{"id":1851,"date":"2024-08-29T23:35:09","date_gmt":"2024-08-29T21:35:09","guid":{"rendered":"https:\/\/satgurutravel.panelserver.org\/product\/tour-por-corea-del-sur-en-navidad\/"},"modified":"2024-08-29T23:35:09","modified_gmt":"2024-08-29T21:35:09","slug":"tour-por-corea-del-sur-en-navidad","status":"publish","type":"product","link":"https:\/\/satgurutravel.es\/es\/product\/tour-por-corea-del-sur-en-navidad\/","title":{"rendered":"Pasea por los barrios de Tokio, Osaka y Kobe"},"content":{"rendered":"<div class=\"wpb-content-wrapper\"><p>[vc_row][vc_column width=\u00bb2\/3&#8243;][vc_column_text]<\/p>\n<div class=\"c-heading c-heading--type-3 c-heading--has-margin-bottom\">Tu viaje incluye:<\/div>\n<div><\/div>\n<section class=\"s-layout s-layout--has-padding-bottom\">\n<ul class=\"m-list-services m-list-services--theme-2\">\n<li class=\"m-list-services__item\"><i class=\"m-list-services__icon c-icon c-icon--big c-icon-trip\"><\/i><span class=\"c-icon__text\">Entradas y excursiones seg\u00fan est\u00e1n descritas en el programa<\/span><\/li>\n<li class=\"m-list-services__item\"><i class=\"m-list-services__icon c-icon c-icon--big c-icon-tax\"><\/i><span class=\"c-icon__text\">Tasas a\u00e9reas a reconfirmar en el momento de la emisi\u00f3n (75\u20ac a fecha 27\/12\/2023)<\/span><\/li>\n<li class=\"m-list-services__item\"><i class=\"m-list-services__icon c-icon c-icon--big c-icon-plain\"><\/i><span class=\"c-icon__text\">Transporte en veh\u00edculos con aire acondicionado<\/span><\/li>\n<li class=\"m-list-services__item\"><i class=\"m-list-services__icon c-icon c-icon--big c-icon-medkit\"><\/i><span class=\"c-icon__text\">Seguro de inclusi\u00f3n<\/span><\/li>\n<li class=\"m-list-services__item\"><i class=\"m-list-services__icon c-icon c-icon--big c-icon-dinner\"><\/i><span class=\"c-icon__text\">Comidas seg\u00fan itinerario. No incluye bebidas.<\/span><\/li>\n<li class=\"m-list-services__item\"><i class=\"m-list-services__icon c-icon c-icon--big c-icon-support\"><\/i><span class=\"c-icon__text\">Gu\u00eda nacional de habla castellana del d\u00eda 2 al d\u00eda 8<\/span><\/li>\n<li class=\"m-list-services__item\"><i class=\"m-list-services__icon c-icon c-icon--big c-icon-plain\"><\/i><span class=\"c-icon__text\">Vuelos de l\u00ednea regular y clase turista de la compa\u00f1\u00eda Etihad<\/span><\/li>\n<li class=\"m-list-services__item\"><i class=\"m-list-services__icon c-icon c-icon--big c-icon-dinner\"><\/i><span class=\"c-icon__text\">En los veh\u00edculos, 2 botellas de agua mineral (50 cl) por d\u00eda por persona<\/span><\/li>\n<li class=\"m-list-services__item\"><i class=\"m-list-services__icon c-icon c-icon--big c-icon-double-bed\"><\/i><span class=\"c-icon__text\">Viaje de 10 d\u00edas \/ 7 noches en hoteles previstos o similares: Se\u00fal: Skypark Kingstown Standard; Jeonju: Best Western Plus Standard; Gwangju: Ramada plaza Deluxe; Bus\u00e1n: Crown Harbour Deluxe; Gyeongju: Commodore Hotel Standard.<\/span><\/li>\n<\/ul>\n<\/section>\n<p>[\/vc_column_text][\/vc_column][vc_column width=\u00bb1\/3&#8243;][vc_widget_sidebar sidebar_id=\u00bbwoocommerce_widgets\u00bb][\/vc_column][\/vc_row]<\/p>\n<\/div>","protected":false},"excerpt":{"rendered":"<p>7 noches de alojamiento con vuelos incluidos<\/p>\n<p>&nbsp;<\/p>\n<p>A la llegada al aeropuerto de Incheon, bienvenida por el gu\u00eda y traslado a la capital.<br \/>\nVisita Kwangya Se\u00fal, naci\u00f3 para representar el \u00abvalor central y la visi\u00f3n\u00bb de SM bajo la propuesta de la compa\u00f1\u00eda para el futuro e innovador K-Pop. Kwanga iba a ser el primer metaverso mundial a gran escala enteramente sobre el KPop.<br \/>\nA mediod\u00eda, saborearemos un delicioso almuerzo de Bibimbap, el plato nacional; consiste en arroz, carne, verduras fritas y un huevo frito, todo ello condimentado con chile (se sirve por separado).<br \/>\nPor la tarde, regreso al hotel y registro.<br \/>\nA continuaci\u00f3n, visita al Dongdaemun Design Plaza (DDP), situado en el distrito comercial de Dongdaemun, est\u00e1 considerado el edificio de dise\u00f1o m\u00e1s futurista de Se\u00fal. Un espacio dedicado a las \u00faltimas tendencias del dise\u00f1o y la moda, que acoge diversas exposiciones durante todo el a\u00f1o.<br \/>\nPaseo por la bulliciosa zona de Myeongdong. Uno de los sitios m\u00e1s sorprendentes, con grandes pantallas e incre\u00edbles boutiques; un lugar para descubrir las \u00faltimas tendencias coreanas en ropa y cosm\u00e9ticos.<br \/>\nCena en un restaurante local. Noche en Se\u00falj.<\/p>\n","protected":false},"featured_media":1834,"template":"","meta":[],"product_cat":[82],"product_tag":[],"class_list":{"0":"post-1851","1":"product","2":"type-product","3":"status-publish","4":"has-post-thumbnail","6":"product_cat-travel-es","7":"wt_location-asia-es","8":"wt_location-corea-es","10":"first","11":"instock","12":"sold-individually","13":"shipping-taxable","14":"product-type-simple"},"yoast_head":"<!-- This site is optimized with the Yoast SEO plugin v23.3 - https:\/\/yoast.com\/wordpress\/plugins\/seo\/ -->\n<title>Pasea por los barrios de Tokio, Osaka y Kobe - Satguru Travel Spain<\/title>\n<meta name=\"robots\" content=\"index, follow, max-snippet:-1, max-image-preview:large, max-video-preview:-1\" \/>\n<link rel=\"canonical\" href=\"https:\/\/satgurutravel.es\/es\/product\/tour-por-corea-del-sur-en-navidad\/\" \/>\n<meta property=\"og:locale\" content=\"es_ES\" \/>\n<meta property=\"og:type\" content=\"article\" \/>\n<meta property=\"og:title\" content=\"Pasea por los barrios de Tokio, Osaka y Kobe - Satguru Travel Spain\" \/>\n<meta property=\"og:description\" content=\"7 noches de alojamiento con vuelos incluidos  &nbsp;  A la llegada al aeropuerto de Incheon, bienvenida por el gu\u00eda y traslado a la capital. Visita Kwangya Se\u00fal, naci\u00f3 para representar el &quot;valor central y la visi\u00f3n&quot; de SM bajo la propuesta de la compa\u00f1\u00eda para el futuro e innovador K-Pop. Kwanga iba a ser el primer metaverso mundial a gran escala enteramente sobre el KPop. A mediod\u00eda, saborearemos un delicioso almuerzo de Bibimbap, el plato nacional; consiste en arroz, carne, verduras fritas y un huevo frito, todo ello condimentado con chile (se sirve por separado). Por la tarde, regreso al hotel y registro. A continuaci\u00f3n, visita al Dongdaemun Design Plaza (DDP), situado en el distrito comercial de Dongdaemun, est\u00e1 considerado el edificio de dise\u00f1o m\u00e1s futurista de Se\u00fal. Un espacio dedicado a las \u00faltimas tendencias del dise\u00f1o y la moda, que acoge diversas exposiciones durante todo el a\u00f1o. Paseo por la bulliciosa zona de Myeongdong. Uno de los sitios m\u00e1s sorprendentes, con grandes pantallas e incre\u00edbles boutiques; un lugar para descubrir las \u00faltimas tendencias coreanas en ropa y cosm\u00e9ticos. Cena en un restaurante local. Noche en Se\u00falj.\" \/>\n<meta property=\"og:url\" content=\"https:\/\/satgurutravel.es\/es\/product\/tour-por-corea-del-sur-en-navidad\/\" \/>\n<meta property=\"og:site_name\" content=\"Satguru Travel Spain\" \/>\n<meta name=\"twitter:card\" content=\"summary_large_image\" \/>\n<meta name=\"twitter:label1\" content=\"Tiempo de lectura\" \/>\n\t<meta name=\"twitter:data1\" content=\"1 minuto\" \/>\n<script type=\"application\/ld+json\" class=\"yoast-schema-graph\">{\"@context\":\"https:\/\/schema.org\",\"@graph\":[{\"@type\":\"WebPage\",\"@id\":\"https:\/\/satgurutravel.es\/es\/product\/tour-por-corea-del-sur-en-navidad\/\",\"url\":\"https:\/\/satgurutravel.es\/es\/product\/tour-por-corea-del-sur-en-navidad\/\",\"name\":\"Pasea por los barrios de Tokio, Osaka y Kobe - Satguru Travel Spain\",\"isPartOf\":{\"@id\":\"https:\/\/satgurutravel.es\/es\/#website\"},\"primaryImageOfPage\":{\"@id\":\"https:\/\/satgurutravel.es\/es\/product\/tour-por-corea-del-sur-en-navidad\/#primaryimage\"},\"image\":{\"@id\":\"https:\/\/satgurutravel.es\/es\/product\/tour-por-corea-del-sur-en-navidad\/#primaryimage\"},\"thumbnailUrl\":\"https:\/\/satgurutravel.es\/wp-content\/uploads\/2024\/08\/asian-woman-wearing-japanese-traditional-kimono-yasaka-pagoda-sannen-zaka-street-kyoto-japan-scaled.jpg\",\"datePublished\":\"2024-08-29T21:35:09+00:00\",\"dateModified\":\"2024-08-29T21:35:09+00:00\",\"breadcrumb\":{\"@id\":\"https:\/\/satgurutravel.es\/es\/product\/tour-por-corea-del-sur-en-navidad\/#breadcrumb\"},\"inLanguage\":\"es\",\"potentialAction\":[{\"@type\":\"ReadAction\",\"target\":[\"https:\/\/satgurutravel.es\/es\/product\/tour-por-corea-del-sur-en-navidad\/\"]}]},{\"@type\":\"ImageObject\",\"inLanguage\":\"es\",\"@id\":\"https:\/\/satgurutravel.es\/es\/product\/tour-por-corea-del-sur-en-navidad\/#primaryimage\",\"url\":\"https:\/\/satgurutravel.es\/wp-content\/uploads\/2024\/08\/asian-woman-wearing-japanese-traditional-kimono-yasaka-pagoda-sannen-zaka-street-kyoto-japan-scaled.jpg\",\"contentUrl\":\"https:\/\/satgurutravel.es\/wp-content\/uploads\/2024\/08\/asian-woman-wearing-japanese-traditional-kimono-yasaka-pagoda-sannen-zaka-street-kyoto-japan-scaled.jpg\",\"width\":2560,\"height\":1704,\"caption\":\"Asian woman wearing japanese traditional kimono at Yasaka Pagoda and Sannen Zaka Street in Kyoto, Japan.\"},{\"@type\":\"BreadcrumbList\",\"@id\":\"https:\/\/satgurutravel.es\/es\/product\/tour-por-corea-del-sur-en-navidad\/#breadcrumb\",\"itemListElement\":[{\"@type\":\"ListItem\",\"position\":1,\"name\":\"Portada\",\"item\":\"https:\/\/satgurutravel.es\/es\/\"},{\"@type\":\"ListItem\",\"position\":2,\"name\":\"Gallery\",\"item\":\"https:\/\/satgurutravel.es\/?page_id=150\"},{\"@type\":\"ListItem\",\"position\":3,\"name\":\"Pasea por los barrios de Tokio, Osaka y Kobe\"}]},{\"@type\":\"WebSite\",\"@id\":\"https:\/\/satgurutravel.es\/es\/#website\",\"url\":\"https:\/\/satgurutravel.es\/es\/\",\"name\":\"Satguru Travel Spain\",\"description\":\"Travels &amp; Tour Service Spain\",\"potentialAction\":[{\"@type\":\"SearchAction\",\"target\":{\"@type\":\"EntryPoint\",\"urlTemplate\":\"https:\/\/satgurutravel.es\/es\/?s={search_term_string}\"},\"query-input\":\"required name=search_term_string\"}],\"inLanguage\":\"es\"}]}<\/script>\n<!-- \/ Yoast SEO plugin. -->","yoast_head_json":{"title":"Pasea por los barrios de Tokio, Osaka y Kobe - Satguru Travel Spain","robots":{"index":"index","follow":"follow","max-snippet":"max-snippet:-1","max-image-preview":"max-image-preview:large","max-video-preview":"max-video-preview:-1"},"canonical":"https:\/\/satgurutravel.es\/es\/product\/tour-por-corea-del-sur-en-navidad\/","og_locale":"es_ES","og_type":"article","og_title":"Pasea por los barrios de Tokio, Osaka y Kobe - Satguru Travel Spain","og_description":"7 noches de alojamiento con vuelos incluidos  &nbsp;  A la llegada al aeropuerto de Incheon, bienvenida por el gu\u00eda y traslado a la capital. Visita Kwangya Se\u00fal, naci\u00f3 para representar el \"valor central y la visi\u00f3n\" de SM bajo la propuesta de la compa\u00f1\u00eda para el futuro e innovador K-Pop. Kwanga iba a ser el primer metaverso mundial a gran escala enteramente sobre el KPop. A mediod\u00eda, saborearemos un delicioso almuerzo de Bibimbap, el plato nacional; consiste en arroz, carne, verduras fritas y un huevo frito, todo ello condimentado con chile (se sirve por separado). Por la tarde, regreso al hotel y registro. A continuaci\u00f3n, visita al Dongdaemun Design Plaza (DDP), situado en el distrito comercial de Dongdaemun, est\u00e1 considerado el edificio de dise\u00f1o m\u00e1s futurista de Se\u00fal. Un espacio dedicado a las \u00faltimas tendencias del dise\u00f1o y la moda, que acoge diversas exposiciones durante todo el a\u00f1o. Paseo por la bulliciosa zona de Myeongdong. Uno de los sitios m\u00e1s sorprendentes, con grandes pantallas e incre\u00edbles boutiques; un lugar para descubrir las \u00faltimas tendencias coreanas en ropa y cosm\u00e9ticos. Cena en un restaurante local. Noche en Se\u00falj.","og_url":"https:\/\/satgurutravel.es\/es\/product\/tour-por-corea-del-sur-en-navidad\/","og_site_name":"Satguru Travel Spain","twitter_card":"summary_large_image","twitter_misc":{"Tiempo de lectura":"1 minuto"},"schema":{"@context":"https:\/\/schema.org","@graph":[{"@type":"WebPage","@id":"https:\/\/satgurutravel.es\/es\/product\/tour-por-corea-del-sur-en-navidad\/","url":"https:\/\/satgurutravel.es\/es\/product\/tour-por-corea-del-sur-en-navidad\/","name":"Pasea por los barrios de Tokio, Osaka y Kobe - Satguru Travel Spain","isPartOf":{"@id":"https:\/\/satgurutravel.es\/es\/#website"},"primaryImageOfPage":{"@id":"https:\/\/satgurutravel.es\/es\/product\/tour-por-corea-del-sur-en-navidad\/#primaryimage"},"image":{"@id":"https:\/\/satgurutravel.es\/es\/product\/tour-por-corea-del-sur-en-navidad\/#primaryimage"},"thumbnailUrl":"https:\/\/satgurutravel.es\/wp-content\/uploads\/2024\/08\/asian-woman-wearing-japanese-traditional-kimono-yasaka-pagoda-sannen-zaka-street-kyoto-japan-scaled.jpg","datePublished":"2024-08-29T21:35:09+00:00","dateModified":"2024-08-29T21:35:09+00:00","breadcrumb":{"@id":"https:\/\/satgurutravel.es\/es\/product\/tour-por-corea-del-sur-en-navidad\/#breadcrumb"},"inLanguage":"es","potentialAction":[{"@type":"ReadAction","target":["https:\/\/satgurutravel.es\/es\/product\/tour-por-corea-del-sur-en-navidad\/"]}]},{"@type":"ImageObject","inLanguage":"es","@id":"https:\/\/satgurutravel.es\/es\/product\/tour-por-corea-del-sur-en-navidad\/#primaryimage","url":"https:\/\/satgurutravel.es\/wp-content\/uploads\/2024\/08\/asian-woman-wearing-japanese-traditional-kimono-yasaka-pagoda-sannen-zaka-street-kyoto-japan-scaled.jpg","contentUrl":"https:\/\/satgurutravel.es\/wp-content\/uploads\/2024\/08\/asian-woman-wearing-japanese-traditional-kimono-yasaka-pagoda-sannen-zaka-street-kyoto-japan-scaled.jpg","width":2560,"height":1704,"caption":"Asian woman wearing japanese traditional kimono at Yasaka Pagoda and Sannen Zaka Street in Kyoto, Japan."},{"@type":"BreadcrumbList","@id":"https:\/\/satgurutravel.es\/es\/product\/tour-por-corea-del-sur-en-navidad\/#breadcrumb","itemListElement":[{"@type":"ListItem","position":1,"name":"Portada","item":"https:\/\/satgurutravel.es\/es\/"},{"@type":"ListItem","position":2,"name":"Gallery","item":"https:\/\/satgurutravel.es\/?page_id=150"},{"@type":"ListItem","position":3,"name":"Pasea por los barrios de Tokio, Osaka y Kobe"}]},{"@type":"WebSite","@id":"https:\/\/satgurutravel.es\/es\/#website","url":"https:\/\/satgurutravel.es\/es\/","name":"Satguru Travel Spain","description":"Travels &amp; Tour Service Spain","potentialAction":[{"@type":"SearchAction","target":{"@type":"EntryPoint","urlTemplate":"https:\/\/satgurutravel.es\/es\/?s={search_term_string}"},"query-input":"required name=search_term_string"}],"inLanguage":"es"}]}},"_links":{"self":[{"href":"https:\/\/satgurutravel.es\/es\/wp-json\/wp\/v2\/product\/1851"}],"collection":[{"href":"https:\/\/satgurutravel.es\/es\/wp-json\/wp\/v2\/product"}],"about":[{"href":"https:\/\/satgurutravel.es\/es\/wp-json\/wp\/v2\/types\/product"}],"wp:featuredmedia":[{"embeddable":true,"href":"https:\/\/satgurutravel.es\/es\/wp-json\/wp\/v2\/media\/1834"}],"wp:attachment":[{"href":"https:\/\/satgurutravel.es\/es\/wp-json\/wp\/v2\/media?parent=1851"}],"wp:term":[{"taxonomy":"product_cat","embeddable":true,"href":"https:\/\/satgurutravel.es\/es\/wp-json\/wp\/v2\/product_cat?post=1851"},{"taxonomy":"product_tag","embeddable":true,"href":"https:\/\/satgurutravel.es\/es\/wp-json\/wp\/v2\/product_tag?post=1851"}],"curies":[{"name":"wp","href":"https:\/\/api.w.org\/{rel}","templated":true}]}}