{"id":1852,"date":"2024-08-29T23:34:00","date_gmt":"2024-08-29T21:34:00","guid":{"rendered":"https:\/\/satgurutravel.panelserver.org\/product\/visitas-al-templo-de-seul\/"},"modified":"2024-08-30T09:12:16","modified_gmt":"2024-08-30T07:12:16","slug":"visitas-al-templo-de-seul","status":"publish","type":"product","link":"https:\/\/satgurutravel.es\/es\/product\/visitas-al-templo-de-seul\/","title":{"rendered":"Tour por Corea con visitas a los Templos de Seul"},"content":{"rendered":"<div class=\"wpb-content-wrapper\"><p>[vc_row][vc_column width=\u00bb2\/3&#8243; el_class=\u00bbmargin-right-2rem\u00bb][vc_video link=\u00bbhttps:\/\/www.youtube.com\/watch?v=W-j6vpWBgOg\u00bb align=\u00bbcenter\u00bb css=\u00bb\u00bb][vc_empty_space alter_height=\u00bbmedium\u00bb hide_on_mobile=\u00bb\u00bb][vc_column_text css=\u00bb\u00bb]<\/p>\n<div style=\"font-size: 15px;\">A la llegada al aeropuerto de Incheon, bienvenida por el gu\u00eda y traslado a la capital.<\/div>\n<div><\/div>\n<div style=\"font-size: 15px;\">Visita Kwangya Se\u00fal, naci\u00f3 para representar el \u00abvalor central y la visi\u00f3n\u00bb de SM bajo la propuesta de la compa\u00f1\u00eda para el futuro e innovador K-Pop.<\/div>\n<div><\/div>\n<div style=\"font-size: 15px;\">Kwanga iba a ser el primer metaverso mundial a gran escala enteramente sobre el KPop.<\/div>\n<div><\/div>\n<div style=\"font-size: 15px;\">A mediod\u00eda, saborearemos un delicioso almuerzo de Bibimbap, el plato nacional; consiste en arroz, carne, verduras fritas y un huevo frito, todo ello condimentado con chile (se sirve por separado).<\/div>\n<div><\/div>\n<div style=\"font-size: 15px;\">Por la tarde, regreso al hotel y registro.<\/div>\n<div><\/div>\n<div style=\"font-size: 15px;\">A continuaci\u00f3n, visita al Dongdaemun Design Plaza (DDP), situado en el distrito comercial de Dongdaemun, est\u00e1 considerado el edificio de dise\u00f1o m\u00e1s futurista de Se\u00fal. Un espacio dedicado a las \u00faltimas tendencias del dise\u00f1o y la moda, que acoge diversas exposiciones durante todo el a\u00f1o.<\/div>\n<div><\/div>\n<div style=\"font-size: 15px;\">Paseo por la bulliciosa zona de Myeongdong. Uno de los sitios m\u00e1s sorprendentes, con grandes pantallas e incre\u00edbles boutiques; un lugar para descubrir las \u00faltimas tendencias coreanas en ropa y cosm\u00e9ticos.<\/div>\n<div><\/div>\n<div style=\"font-size: 15px;\">Cena en un restaurante local. Noche en Se\u00fal.<\/div>\n<h5 class=\"c-heading c-heading--type-3 c-heading--has-margin-bottom\"><strong>Tu viaje incluye:<\/strong><\/h5>\n<section class=\"s-layout s-layout--has-padding-bottom\">\n<ul class=\"m-list-services m-list-services--theme-2\">\n<li class=\"m-list-services__item\"><i class=\"m-list-services__icon c-icon c-icon--big c-icon-trip\"><\/i><span class=\"c-icon__text\">Entradas y excursiones seg\u00fan est\u00e1n descritas en el programa<\/span><\/li>\n<li class=\"m-list-services__item\"><i class=\"m-list-services__icon c-icon c-icon--big c-icon-tax\"><\/i><span class=\"c-icon__text\">Tasas a\u00e9reas a reconfirmar en el momento de la emisi\u00f3n (75\u20ac a fecha 27\/12\/2023)<\/span><\/li>\n<li class=\"m-list-services__item\"><i class=\"m-list-services__icon c-icon c-icon--big c-icon-plain\"><\/i><span class=\"c-icon__text\">Transporte en veh\u00edculos con aire acondicionado<\/span><\/li>\n<li class=\"m-list-services__item\"><i class=\"m-list-services__icon c-icon c-icon--big c-icon-medkit\"><\/i><span class=\"c-icon__text\">Seguro de inclusi\u00f3n<\/span><\/li>\n<li class=\"m-list-services__item\"><i class=\"m-list-services__icon c-icon c-icon--big c-icon-dinner\"><\/i><span class=\"c-icon__text\">Comidas seg\u00fan itinerario. No incluye bebidas.<\/span><\/li>\n<li class=\"m-list-services__item\"><i class=\"m-list-services__icon c-icon c-icon--big c-icon-support\"><\/i><span class=\"c-icon__text\">Gu\u00eda nacional de habla castellana del d\u00eda 2 al d\u00eda 8<\/span><\/li>\n<li class=\"m-list-services__item\"><i class=\"m-list-services__icon c-icon c-icon--big c-icon-plain\"><\/i><span class=\"c-icon__text\">Vuelos de l\u00ednea regular y clase turista de la compa\u00f1\u00eda Etihad<\/span><\/li>\n<li class=\"m-list-services__item\"><i class=\"m-list-services__icon c-icon c-icon--big c-icon-dinner\"><\/i><span class=\"c-icon__text\">En los veh\u00edculos, 2 botellas de agua mineral (50 cl) por d\u00eda por persona<\/span><\/li>\n<li class=\"m-list-services__item\"><i class=\"m-list-services__icon c-icon c-icon--big c-icon-double-bed\"><\/i><span class=\"c-icon__text\">Viaje de 10 d\u00edas \/ 7 noches en hoteles previstos o similares: Se\u00fal: Skypark Kingstown Standard; Jeonju: Best Western Plus Standard; Gwangju: Ramada plaza Deluxe; Bus\u00e1n: Crown Harbour Deluxe; Gyeongju: Commodore Hotel Standard.<\/span><\/li>\n<\/ul>\n<\/section>\n<p>[\/vc_column_text][\/vc_column][vc_column width=\u00bb1\/3&#8243;][vc_column_text css=\u00bb\u00bb]<script type=\"text\/javascript\" src=\"https:\/\/widgets.bokun.io\/assets\/javascripts\/apps\/build\/BokunWidgetsLoader.js?bookingChannelUUID=27d52819-72dd-42c0-91e7-f0efce32f456\" async><\/script><\/p>\n<div class=\"bokunWidget\" data-src=\"https:\/\/widgets.bokun.io\/online-sales\/27d52819-72dd-42c0-91e7-f0efce32f456\/experience-calendar\/758163\"><\/div>\n<p><noscript>Please enable javascript in your browser to book<\/noscript>[\/vc_column_text][vc_widget_sidebar sidebar_id=\u00bbwoocommerce_widgets\u00bb][\/vc_column][\/vc_row][vc_row][vc_column][\/vc_column][\/vc_row]<\/p>\n<\/div>","protected":false},"excerpt":{"rendered":"<p>Visita Kwangya Se\u00fal, naci\u00f3 para representar el \u00abvalor central y la visi\u00f3n\u00bb de SM bajo la propuesta de la compa\u00f1\u00eda para el futuro e innovador K-Pop. Kwanga iba a ser el primer metaverso mundial a gran escala enteramente sobre el KPop.<\/p>\n","protected":false},"featured_media":1705,"template":"","meta":[],"product_cat":[82],"product_tag":[],"class_list":{"0":"post-1852","1":"product","2":"type-product","3":"status-publish","4":"has-post-thumbnail","6":"product_cat-travel-es","7":"wt_location-asia-es","8":"wt_location-corea-es","10":"first","11":"instock","12":"sold-individually","13":"shipping-taxable","14":"product-type-simple"},"yoast_head":"<!-- This site is optimized with the Yoast SEO plugin v23.3 - https:\/\/yoast.com\/wordpress\/plugins\/seo\/ -->\n<title>Tour por Corea con visitas a los Templos de Seul - Satguru Travel Spain<\/title>\n<meta name=\"robots\" content=\"index, follow, max-snippet:-1, max-image-preview:large, max-video-preview:-1\" \/>\n<link rel=\"canonical\" href=\"https:\/\/satgurutravel.es\/es\/product\/visitas-al-templo-de-seul\/\" \/>\n<meta property=\"og:locale\" content=\"es_ES\" \/>\n<meta property=\"og:type\" content=\"article\" \/>\n<meta property=\"og:title\" content=\"Tour por Corea con visitas a los Templos de Seul - Satguru Travel Spain\" \/>\n<meta property=\"og:description\" content=\"Visita Kwangya Se\u00fal, naci\u00f3 para representar el &quot;valor central y la visi\u00f3n&quot; de SM bajo la propuesta de la compa\u00f1\u00eda para el futuro e innovador K-Pop. Kwanga iba a ser el primer metaverso mundial a gran escala enteramente sobre el KPop.\" \/>\n<meta property=\"og:url\" content=\"https:\/\/satgurutravel.es\/es\/product\/visitas-al-templo-de-seul\/\" \/>\n<meta property=\"og:site_name\" content=\"Satguru Travel Spain\" \/>\n<meta property=\"article:modified_time\" content=\"2024-08-30T07:12:16+00:00\" \/>\n<meta property=\"og:image\" content=\"https:\/\/satgurutravel.es\/wp-content\/uploads\/2024\/08\/Templo-de-Seul-1.webp\" \/>\n\t<meta property=\"og:image:width\" content=\"1920\" \/>\n\t<meta property=\"og:image:height\" content=\"1080\" \/>\n\t<meta property=\"og:image:type\" content=\"image\/webp\" \/>\n<meta name=\"twitter:card\" content=\"summary_large_image\" \/>\n<meta name=\"twitter:label1\" content=\"Tiempo de lectura\" \/>\n\t<meta name=\"twitter:data1\" content=\"2 minutos\" \/>\n<script type=\"application\/ld+json\" class=\"yoast-schema-graph\">{\"@context\":\"https:\/\/schema.org\",\"@graph\":[{\"@type\":\"WebPage\",\"@id\":\"https:\/\/satgurutravel.es\/es\/product\/visitas-al-templo-de-seul\/\",\"url\":\"https:\/\/satgurutravel.es\/es\/product\/visitas-al-templo-de-seul\/\",\"name\":\"Tour por Corea con visitas a los Templos de Seul - Satguru Travel Spain\",\"isPartOf\":{\"@id\":\"https:\/\/satgurutravel.es\/es\/#website\"},\"primaryImageOfPage\":{\"@id\":\"https:\/\/satgurutravel.es\/es\/product\/visitas-al-templo-de-seul\/#primaryimage\"},\"image\":{\"@id\":\"https:\/\/satgurutravel.es\/es\/product\/visitas-al-templo-de-seul\/#primaryimage\"},\"thumbnailUrl\":\"https:\/\/satgurutravel.es\/wp-content\/uploads\/2024\/08\/Templo-de-Seul-1.webp\",\"datePublished\":\"2024-08-29T21:34:00+00:00\",\"dateModified\":\"2024-08-30T07:12:16+00:00\",\"breadcrumb\":{\"@id\":\"https:\/\/satgurutravel.es\/es\/product\/visitas-al-templo-de-seul\/#breadcrumb\"},\"inLanguage\":\"es\",\"potentialAction\":[{\"@type\":\"ReadAction\",\"target\":[\"https:\/\/satgurutravel.es\/es\/product\/visitas-al-templo-de-seul\/\"]}]},{\"@type\":\"ImageObject\",\"inLanguage\":\"es\",\"@id\":\"https:\/\/satgurutravel.es\/es\/product\/visitas-al-templo-de-seul\/#primaryimage\",\"url\":\"https:\/\/satgurutravel.es\/wp-content\/uploads\/2024\/08\/Templo-de-Seul-1.webp\",\"contentUrl\":\"https:\/\/satgurutravel.es\/wp-content\/uploads\/2024\/08\/Templo-de-Seul-1.webp\",\"width\":1920,\"height\":1080},{\"@type\":\"BreadcrumbList\",\"@id\":\"https:\/\/satgurutravel.es\/es\/product\/visitas-al-templo-de-seul\/#breadcrumb\",\"itemListElement\":[{\"@type\":\"ListItem\",\"position\":1,\"name\":\"Portada\",\"item\":\"https:\/\/satgurutravel.es\/es\/\"},{\"@type\":\"ListItem\",\"position\":2,\"name\":\"Gallery\",\"item\":\"https:\/\/satgurutravel.es\/?page_id=150\"},{\"@type\":\"ListItem\",\"position\":3,\"name\":\"Tour por Corea con visitas a los Templos de Seul\"}]},{\"@type\":\"WebSite\",\"@id\":\"https:\/\/satgurutravel.es\/es\/#website\",\"url\":\"https:\/\/satgurutravel.es\/es\/\",\"name\":\"Satguru Travel Spain\",\"description\":\"Travels &amp; Tour Service Spain\",\"potentialAction\":[{\"@type\":\"SearchAction\",\"target\":{\"@type\":\"EntryPoint\",\"urlTemplate\":\"https:\/\/satgurutravel.es\/es\/?s={search_term_string}\"},\"query-input\":\"required name=search_term_string\"}],\"inLanguage\":\"es\"}]}<\/script>\n<!-- \/ Yoast SEO plugin. -->","yoast_head_json":{"title":"Tour por Corea con visitas a los Templos de Seul - Satguru Travel Spain","robots":{"index":"index","follow":"follow","max-snippet":"max-snippet:-1","max-image-preview":"max-image-preview:large","max-video-preview":"max-video-preview:-1"},"canonical":"https:\/\/satgurutravel.es\/es\/product\/visitas-al-templo-de-seul\/","og_locale":"es_ES","og_type":"article","og_title":"Tour por Corea con visitas a los Templos de Seul - Satguru Travel Spain","og_description":"Visita Kwangya Se\u00fal, naci\u00f3 para representar el \"valor central y la visi\u00f3n\" de SM bajo la propuesta de la compa\u00f1\u00eda para el futuro e innovador K-Pop. Kwanga iba a ser el primer metaverso mundial a gran escala enteramente sobre el KPop.","og_url":"https:\/\/satgurutravel.es\/es\/product\/visitas-al-templo-de-seul\/","og_site_name":"Satguru Travel Spain","article_modified_time":"2024-08-30T07:12:16+00:00","og_image":[{"width":1920,"height":1080,"url":"https:\/\/satgurutravel.es\/wp-content\/uploads\/2024\/08\/Templo-de-Seul-1.webp","type":"image\/webp"}],"twitter_card":"summary_large_image","twitter_misc":{"Tiempo de lectura":"2 minutos"},"schema":{"@context":"https:\/\/schema.org","@graph":[{"@type":"WebPage","@id":"https:\/\/satgurutravel.es\/es\/product\/visitas-al-templo-de-seul\/","url":"https:\/\/satgurutravel.es\/es\/product\/visitas-al-templo-de-seul\/","name":"Tour por Corea con visitas a los Templos de Seul - Satguru Travel Spain","isPartOf":{"@id":"https:\/\/satgurutravel.es\/es\/#website"},"primaryImageOfPage":{"@id":"https:\/\/satgurutravel.es\/es\/product\/visitas-al-templo-de-seul\/#primaryimage"},"image":{"@id":"https:\/\/satgurutravel.es\/es\/product\/visitas-al-templo-de-seul\/#primaryimage"},"thumbnailUrl":"https:\/\/satgurutravel.es\/wp-content\/uploads\/2024\/08\/Templo-de-Seul-1.webp","datePublished":"2024-08-29T21:34:00+00:00","dateModified":"2024-08-30T07:12:16+00:00","breadcrumb":{"@id":"https:\/\/satgurutravel.es\/es\/product\/visitas-al-templo-de-seul\/#breadcrumb"},"inLanguage":"es","potentialAction":[{"@type":"ReadAction","target":["https:\/\/satgurutravel.es\/es\/product\/visitas-al-templo-de-seul\/"]}]},{"@type":"ImageObject","inLanguage":"es","@id":"https:\/\/satgurutravel.es\/es\/product\/visitas-al-templo-de-seul\/#primaryimage","url":"https:\/\/satgurutravel.es\/wp-content\/uploads\/2024\/08\/Templo-de-Seul-1.webp","contentUrl":"https:\/\/satgurutravel.es\/wp-content\/uploads\/2024\/08\/Templo-de-Seul-1.webp","width":1920,"height":1080},{"@type":"BreadcrumbList","@id":"https:\/\/satgurutravel.es\/es\/product\/visitas-al-templo-de-seul\/#breadcrumb","itemListElement":[{"@type":"ListItem","position":1,"name":"Portada","item":"https:\/\/satgurutravel.es\/es\/"},{"@type":"ListItem","position":2,"name":"Gallery","item":"https:\/\/satgurutravel.es\/?page_id=150"},{"@type":"ListItem","position":3,"name":"Tour por Corea con visitas a los Templos de Seul"}]},{"@type":"WebSite","@id":"https:\/\/satgurutravel.es\/es\/#website","url":"https:\/\/satgurutravel.es\/es\/","name":"Satguru Travel Spain","description":"Travels &amp; Tour Service Spain","potentialAction":[{"@type":"SearchAction","target":{"@type":"EntryPoint","urlTemplate":"https:\/\/satgurutravel.es\/es\/?s={search_term_string}"},"query-input":"required name=search_term_string"}],"inLanguage":"es"}]}},"_links":{"self":[{"href":"https:\/\/satgurutravel.es\/es\/wp-json\/wp\/v2\/product\/1852"}],"collection":[{"href":"https:\/\/satgurutravel.es\/es\/wp-json\/wp\/v2\/product"}],"about":[{"href":"https:\/\/satgurutravel.es\/es\/wp-json\/wp\/v2\/types\/product"}],"wp:featuredmedia":[{"embeddable":true,"href":"https:\/\/satgurutravel.es\/es\/wp-json\/wp\/v2\/media\/1705"}],"wp:attachment":[{"href":"https:\/\/satgurutravel.es\/es\/wp-json\/wp\/v2\/media?parent=1852"}],"wp:term":[{"taxonomy":"product_cat","embeddable":true,"href":"https:\/\/satgurutravel.es\/es\/wp-json\/wp\/v2\/product_cat?post=1852"},{"taxonomy":"product_tag","embeddable":true,"href":"https:\/\/satgurutravel.es\/es\/wp-json\/wp\/v2\/product_tag?post=1852"}],"curies":[{"name":"wp","href":"https:\/\/api.w.org\/{rel}","templated":true}]}}